{"id":1026,"date":"2024-07-18T15:35:20","date_gmt":"2024-07-18T19:35:20","guid":{"rendered":"https:\/\/cammecanique.com\/?page_id=1026"},"modified":"2024-07-18T15:35:20","modified_gmt":"2024-07-18T19:35:20","slug":"frigoristes-poste","status":"publish","type":"page","link":"https:\/\/cammecanique.com\/en\/frigoristes-poste\/","title":{"rendered":"Frigoristes (poste)"},"content":{"rendered":"<h1>Postes de frigoristes (apprentis et compagnons)<\/h1>\n<p>CAM M\u00e9canique est une entreprise de ventilation \u0153uvrant en grande partie dans le secteur commercial. La personne choisie devra faire preuve de rigueur, \u00eatre organis\u00e9e et valoriser l\u2019acquisition de nouvelles connaissances.<\/p>\n<h2><strong>Principale responsabilit\u00e9 :<\/strong><\/h2>\n<ul>\n<li>Installations sur de nombreux chantiers<\/li>\n<\/ul>\n<h2><strong>Exigences et qualifications :<\/strong><\/h2>\n<ul>\n<li>VRF<\/li>\n<li>Refrigeration<\/li>\n<li>Climatisation<\/li>\n<li>Contr\u00f4le<\/li>\n<\/ul>\n<h2><strong>Conditions de travail :<\/strong><\/h2>\n<ul>\n<li>Le poste est permanent et \u00e0 temps plein;<\/li>\n<li>R\u00e9gion du Grand Montr\u00e9al;<\/li>\n<li>Horaires de chantier de 6 h \u00e0 14 h 30;<\/li>\n<li>Salaire concurrentiel;<\/li>\n<li>Prime de 500 $ \u00e0 l&#8217;embauche.<\/li>\n<\/ul>\n<h2>Date d\u2019entr\u00e9e en fonction :<\/h2>\n<p><strong>D\u00e8s que possible.<\/strong><\/p>\n<p>Si ce poste vous int\u00e9resse, veuillez soumettre votre candidature via le formulaire qui suit.<br \/>\nNous tenons \u00e0 vous remercier de votre int\u00e9r\u00eat \u00e0 joindre l\u2019\u00e9quipe de CAM M\u00e9canique.<\/p>\n<p>[contact-form-7 id=\u00a0\u00bb134&Prime; title=\u00a0\u00bbCarri\u00e8re\u00a0\u00bb]<\/p>","protected":false},"excerpt":{"rendered":"<p>Postes de frigoristes (apprentis et compagnons) CAM M\u00e9canique est une  [&#8230;]<\/p>","protected":false},"author":4,"featured_media":0,"parent":0,"menu_order":18,"comment_status":"closed","ping_status":"closed","template":"","meta":{"_acf_changed":false,"footnotes":""},"class_list":["post-1026","page","type-page","status-publish","hentry"],"acf":[],"yoast_head":"<!-- This site is optimized with the Yoast SEO plugin v25.4 - https:\/\/yoast.com\/wordpress\/plugins\/seo\/ -->\n<title>Frigoristes (poste) - CAM M\u00e9canique<\/title>\n<meta name=\"robots\" content=\"index, follow, max-snippet:-1, max-image-preview:large, max-video-preview:-1\" \/>\n<link rel=\"canonical\" href=\"https:\/\/cammecanique.com\/en\/frigoristes-poste\/\" \/>\n<meta property=\"og:locale\" content=\"en_US\" \/>\n<meta property=\"og:type\" content=\"article\" \/>\n<meta property=\"og:title\" content=\"Frigoristes (poste) - CAM M\u00e9canique\" \/>\n<meta property=\"og:description\" content=\"Postes de frigoristes (apprentis et compagnons) CAM M\u00e9canique est une [...]\" \/>\n<meta property=\"og:url\" content=\"https:\/\/cammecanique.com\/en\/frigoristes-poste\/\" \/>\n<meta property=\"og:site_name\" content=\"CAM M\u00e9canique\" \/>\n<meta property=\"article:publisher\" content=\"https:\/\/www.facebook.com\/cammecanique\/\" \/>\n<meta property=\"og:image\" content=\"https:\/\/cammecanique.com\/wp-content\/uploads\/2024\/07\/CAM-Mecanique-Yoast-Site.jpg\" \/>\n\t<meta property=\"og:image:width\" content=\"1200\" \/>\n\t<meta property=\"og:image:height\" content=\"675\" \/>\n\t<meta property=\"og:image:type\" content=\"image\/jpeg\" \/>\n<meta name=\"twitter:card\" content=\"summary_large_image\" \/>\n<meta name=\"twitter:label1\" content=\"Est. reading time\" \/>\n\t<meta name=\"twitter:data1\" content=\"1 minute\" \/>\n<script type=\"application\/ld+json\" class=\"yoast-schema-graph\">{\"@context\":\"https:\/\/schema.org\",\"@graph\":[{\"@type\":\"WebPage\",\"@id\":\"https:\/\/cammecanique.com\/frigoristes-poste\/\",\"url\":\"https:\/\/cammecanique.com\/frigoristes-poste\/\",\"name\":\"Frigoristes (poste) - CAM M\u00e9canique\",\"isPartOf\":{\"@id\":\"https:\/\/cammecanique.com\/#website\"},\"datePublished\":\"2024-07-18T19:35:20+00:00\",\"breadcrumb\":{\"@id\":\"https:\/\/cammecanique.com\/frigoristes-poste\/#breadcrumb\"},\"inLanguage\":\"en-CA\",\"potentialAction\":[{\"@type\":\"ReadAction\",\"target\":[\"https:\/\/cammecanique.com\/frigoristes-poste\/\"]}]},{\"@type\":\"BreadcrumbList\",\"@id\":\"https:\/\/cammecanique.com\/frigoristes-poste\/#breadcrumb\",\"itemListElement\":[{\"@type\":\"ListItem\",\"position\":1,\"name\":\"Accueil\",\"item\":\"https:\/\/cammecanique.com\/\"},{\"@type\":\"ListItem\",\"position\":2,\"name\":\"Frigoristes (poste)\"}]},{\"@type\":\"WebSite\",\"@id\":\"https:\/\/cammecanique.com\/#website\",\"url\":\"https:\/\/cammecanique.com\/\",\"name\":\"CAM M\u00e9canique\",\"description\":\"B\u00e2timent - Tuyauterie\",\"publisher\":{\"@id\":\"https:\/\/cammecanique.com\/#organization\"},\"alternateName\":\"CAM M\u00e9canique B\u00e2timent - Tuyauterie\",\"potentialAction\":[{\"@type\":\"SearchAction\",\"target\":{\"@type\":\"EntryPoint\",\"urlTemplate\":\"https:\/\/cammecanique.com\/?s={search_term_string}\"},\"query-input\":{\"@type\":\"PropertyValueSpecification\",\"valueRequired\":true,\"valueName\":\"search_term_string\"}}],\"inLanguage\":\"en-CA\"},{\"@type\":\"Organization\",\"@id\":\"https:\/\/cammecanique.com\/#organization\",\"name\":\"CAM M\u00e9canique\",\"alternateName\":\"CAM M\u00e9canique B\u00e2timent - Tuyauterie\",\"url\":\"https:\/\/cammecanique.com\/\",\"logo\":{\"@type\":\"ImageObject\",\"inLanguage\":\"en-CA\",\"@id\":\"https:\/\/cammecanique.com\/#\/schema\/logo\/image\/\",\"url\":\"https:\/\/cammecanique.com\/wp-content\/uploads\/2024\/06\/CAM-Mecanique-Logo-Yoast.png\",\"contentUrl\":\"https:\/\/cammecanique.com\/wp-content\/uploads\/2024\/06\/CAM-Mecanique-Logo-Yoast.png\",\"width\":696,\"height\":696,\"caption\":\"CAM M\u00e9canique\"},\"image\":{\"@id\":\"https:\/\/cammecanique.com\/#\/schema\/logo\/image\/\"},\"sameAs\":[\"https:\/\/www.facebook.com\/cammecanique\/\",\"https:\/\/www.linkedin.com\/company\/cam-mecanique-inc\/\"]}]}<\/script>\n<!-- \/ Yoast SEO plugin. -->","yoast_head_json":{"title":"Frigoristes (poste) - CAM M\u00e9canique","robots":{"index":"index","follow":"follow","max-snippet":"max-snippet:-1","max-image-preview":"max-image-preview:large","max-video-preview":"max-video-preview:-1"},"canonical":"https:\/\/cammecanique.com\/en\/frigoristes-poste\/","og_locale":"en_US","og_type":"article","og_title":"Frigoristes (poste) - CAM M\u00e9canique","og_description":"Postes de frigoristes (apprentis et compagnons) CAM M\u00e9canique est une [...]","og_url":"https:\/\/cammecanique.com\/en\/frigoristes-poste\/","og_site_name":"CAM M\u00e9canique","article_publisher":"https:\/\/www.facebook.com\/cammecanique\/","og_image":[{"width":1200,"height":675,"url":"https:\/\/cammecanique.com\/wp-content\/uploads\/2024\/07\/CAM-Mecanique-Yoast-Site.jpg","type":"image\/jpeg"}],"twitter_card":"summary_large_image","twitter_misc":{"Est. reading time":"1 minute"},"schema":{"@context":"https:\/\/schema.org","@graph":[{"@type":"WebPage","@id":"https:\/\/cammecanique.com\/frigoristes-poste\/","url":"https:\/\/cammecanique.com\/frigoristes-poste\/","name":"Frigoristes (poste) - CAM M\u00e9canique","isPartOf":{"@id":"https:\/\/cammecanique.com\/#website"},"datePublished":"2024-07-18T19:35:20+00:00","breadcrumb":{"@id":"https:\/\/cammecanique.com\/frigoristes-poste\/#breadcrumb"},"inLanguage":"en-CA","potentialAction":[{"@type":"ReadAction","target":["https:\/\/cammecanique.com\/frigoristes-poste\/"]}]},{"@type":"BreadcrumbList","@id":"https:\/\/cammecanique.com\/frigoristes-poste\/#breadcrumb","itemListElement":[{"@type":"ListItem","position":1,"name":"Accueil","item":"https:\/\/cammecanique.com\/"},{"@type":"ListItem","position":2,"name":"Frigoristes (poste)"}]},{"@type":"WebSite","@id":"https:\/\/cammecanique.com\/#website","url":"https:\/\/cammecanique.com\/","name":"CAM M\u00e9canique","description":"B\u00e2timent - Tuyauterie","publisher":{"@id":"https:\/\/cammecanique.com\/#organization"},"alternateName":"CAM M\u00e9canique B\u00e2timent - Tuyauterie","potentialAction":[{"@type":"SearchAction","target":{"@type":"EntryPoint","urlTemplate":"https:\/\/cammecanique.com\/?s={search_term_string}"},"query-input":{"@type":"PropertyValueSpecification","valueRequired":true,"valueName":"search_term_string"}}],"inLanguage":"en-CA"},{"@type":"Organization","@id":"https:\/\/cammecanique.com\/#organization","name":"CAM M\u00e9canique","alternateName":"CAM M\u00e9canique B\u00e2timent - Tuyauterie","url":"https:\/\/cammecanique.com\/","logo":{"@type":"ImageObject","inLanguage":"en-CA","@id":"https:\/\/cammecanique.com\/#\/schema\/logo\/image\/","url":"https:\/\/cammecanique.com\/wp-content\/uploads\/2024\/06\/CAM-Mecanique-Logo-Yoast.png","contentUrl":"https:\/\/cammecanique.com\/wp-content\/uploads\/2024\/06\/CAM-Mecanique-Logo-Yoast.png","width":696,"height":696,"caption":"CAM M\u00e9canique"},"image":{"@id":"https:\/\/cammecanique.com\/#\/schema\/logo\/image\/"},"sameAs":["https:\/\/www.facebook.com\/cammecanique\/","https:\/\/www.linkedin.com\/company\/cam-mecanique-inc\/"]}]}},"_links":{"self":[{"href":"https:\/\/cammecanique.com\/en\/wp-json\/wp\/v2\/pages\/1026","targetHints":{"allow":["GET"]}}],"collection":[{"href":"https:\/\/cammecanique.com\/en\/wp-json\/wp\/v2\/pages"}],"about":[{"href":"https:\/\/cammecanique.com\/en\/wp-json\/wp\/v2\/types\/page"}],"author":[{"embeddable":true,"href":"https:\/\/cammecanique.com\/en\/wp-json\/wp\/v2\/users\/4"}],"replies":[{"embeddable":true,"href":"https:\/\/cammecanique.com\/en\/wp-json\/wp\/v2\/comments?post=1026"}],"version-history":[{"count":1,"href":"https:\/\/cammecanique.com\/en\/wp-json\/wp\/v2\/pages\/1026\/revisions"}],"predecessor-version":[{"id":1027,"href":"https:\/\/cammecanique.com\/en\/wp-json\/wp\/v2\/pages\/1026\/revisions\/1027"}],"wp:attachment":[{"href":"https:\/\/cammecanique.com\/en\/wp-json\/wp\/v2\/media?parent=1026"}],"curies":[{"name":"wp","href":"https:\/\/api.w.org\/{rel}","templated":true}]}}