{"id":1364,"date":"2024-07-18T15:35:19","date_gmt":"2024-07-18T19:35:19","guid":{"rendered":"https:\/\/cammecanique.com\/?page_id=1364"},"modified":"2024-07-18T15:35:19","modified_gmt":"2024-07-18T19:35:19","slug":"poste-assistante-chargee-de-projets","status":"publish","type":"page","link":"https:\/\/cammecanique.com\/en\/poste-assistante-chargee-de-projets\/","title":{"rendered":"Poste &#8211; Assistant(e) charg\u00e9(e) de projets"},"content":{"rendered":"<h2><strong>Poste &#8211; Assistant(e) charg\u00e9(e) de projets<\/strong><\/h2>\n<p>Tu as l\u2019ambition pour occuper un r\u00f4le au c\u0153ur des op\u00e9rations de la gestion de projets? Ta rigueur est l\u2019une de tes plus grandes forces? Tu fais tes suivis tellement r\u00e9guli\u00e8rement qu\u2019on a l\u2019impression que tu lis dans nos pens\u00e9es? Ce poste est peut-\u00eatre fait pour toi!<\/p>\n<p>&nbsp;<\/p>\n<p>Bas\u00e9e \u00e0 Blainville et forte d\u2019une \u00e9quipe de professionnels exp\u00e9riment\u00e9s, CAM M\u00e9canique Inc. est une entreprise dynamique sp\u00e9cialis\u00e9e en ventilation, chauffage, climatisation et r\u00e9frig\u00e9ration dont les services sont offerts dans la grande r\u00e9gion de Montr\u00e9al. CAM M\u00e9canique Inc. est r\u00e9put\u00e9e pour la qualit\u00e9 de ses services et son savoir-faire \u2013 nous cherchons donc quelqu\u2019un avec les m\u00eames qualit\u00e9s pour compl\u00e9ter notre fabuleuse \u00e9quipe!<\/p>\n<p>&nbsp;<\/p>\n<p>Le poste d\u2019assistant(e) charg\u00e9(e) de projets est un r\u00f4le central au c\u0153ur des op\u00e9rations de la gestion de projets. Pour r\u00e9ussir dans ce r\u00f4le, il te faut une rigueur exceptionnelle, \u00eatre capable d\u2019anticiper ce qui s\u2019en vient et surtout, faire des suivis r\u00e9guliers avec nos collaborateurs internes et externes. Tu travailleras de pair avec une \u00e9quipe de charg\u00e9s(es) de projets tellement passionn\u00e9s que tu ne verras pas tes journ\u00e9es passer!<\/p>\n<p>&nbsp;<\/p>\n<p><strong>Ce qui t\u2019attend chez CAM M\u00e9canique\u00a0:<\/strong><\/p>\n<ul>\n<li>4 semaines de vacances par ann\u00e9e (semaines de la construction et temps des f\u00eates)<\/li>\n<li>Gamme compl\u00e8te d\u2019assurances collectives (apr\u00e8s 3 mois)<\/li>\n<li>Horaires flexibles<\/li>\n<li>T\u00e9l\u00e9travail possible apr\u00e8s ton int\u00e9gration et ta formation<\/li>\n<li>Poste situ\u00e9 \u00e0 Blainville, donc \u00e0 l\u2019envers du trafic<\/li>\n<li>Que tu sois du genre caf\u00e9 ou latt\u00e9, les deux sont offerts!<\/li>\n<\/ul>\n<p>&nbsp;<\/p>\n<p><strong>Un aper\u00e7u de ton quotidien\u00a0: <\/strong><\/p>\n<p><strong>\u00a0<\/strong><\/p>\n<ul>\n<li>Assurer un suivi constant et rigoureux des activit\u00e9s concernant les \u00e9quipements du projet (envoi des dessins d\u2019atelier, suivi des approbations, envoi des rel\u00e2ches, suivi des livraisons d\u2019\u00e9quipements, mise \u00e0 jour de tableaux)<\/li>\n<li>Effectuer certaines t\u00e2ches administratives reli\u00e9es aux projets (bons de commande, extras, documents de fin de projet)<\/li>\n<li>Assister les charg\u00e9s(es) de projet dans la coordination de l\u2019ensemble des op\u00e9rations de gestion de projet;<\/li>\n<li>Assurer une bonne communication entre les intervenants internes et externes du projet;<\/li>\n<li>Soutenir et suivre tout changement ou mise \u00e0 jour avec les charg\u00e9s(es) de projet;<\/li>\n<li>Toute autre t\u00e2che reli\u00e9e qui permettra \u00e0 l\u2019\u00e9quipe (et \u00e0 toi-m\u00eame) de se d\u00e9passer!<\/li>\n<\/ul>\n<p>&nbsp;<\/p>\n<p><strong>Ce qu\u2019il te faut pour r\u00e9ussir dans ce poste\u00a0:<\/strong><\/p>\n<ul>\n<li>Dipl\u00f4me dans un domaine reli\u00e9;<\/li>\n<li>1 \u00e0 2 ans d\u2019exp\u00e9rience en coordination, administration ou tout autre domaine reli\u00e9;<\/li>\n<li>Rigueur, rigueur et encore rigueur;<\/li>\n<li>Sens de l\u2019organisation et des priorit\u00e9s<\/li>\n<li>Capacit\u00e9s relationnelles et communicationnelles d\u00e9montr\u00e9es;<\/li>\n<li>Capacit\u00e9 \u00e0 op\u00e9rer dans un environnement rapide et en changement;<\/li>\n<\/ul>\n<p>&nbsp;<\/p>\n<p>&nbsp;<\/p>\n<p>Nous attendons ton CV avec impatience!<\/p>\n<p>[contact-form-7 id=\u00a0\u00bb134&Prime; title=\u00a0\u00bbCarri\u00e8re\u00a0\u00bb]<\/p>","protected":false},"excerpt":{"rendered":"<p>Poste &#8211; Assistant(e) charg\u00e9(e) de projets Tu as l\u2019ambition pour  [&#8230;]<\/p>","protected":false},"author":4,"featured_media":0,"parent":0,"menu_order":15,"comment_status":"closed","ping_status":"closed","template":"","meta":{"_acf_changed":false,"footnotes":""},"class_list":["post-1364","page","type-page","status-publish","hentry"],"acf":[],"yoast_head":"<!-- This site is optimized with the Yoast SEO plugin v25.4 - https:\/\/yoast.com\/wordpress\/plugins\/seo\/ -->\n<title>Poste - Assistant(e) charg\u00e9(e) de projets - CAM M\u00e9canique<\/title>\n<meta name=\"robots\" content=\"index, follow, max-snippet:-1, max-image-preview:large, max-video-preview:-1\" \/>\n<link rel=\"canonical\" href=\"https:\/\/cammecanique.com\/en\/poste-assistante-chargee-de-projets\/\" \/>\n<meta property=\"og:locale\" content=\"en_US\" \/>\n<meta property=\"og:type\" content=\"article\" \/>\n<meta property=\"og:title\" content=\"Poste - Assistant(e) charg\u00e9(e) de projets - CAM M\u00e9canique\" \/>\n<meta property=\"og:description\" content=\"Poste &#8211; Assistant(e) charg\u00e9(e) de projets Tu as l\u2019ambition pour [...]\" \/>\n<meta property=\"og:url\" content=\"https:\/\/cammecanique.com\/en\/poste-assistante-chargee-de-projets\/\" \/>\n<meta property=\"og:site_name\" content=\"CAM M\u00e9canique\" \/>\n<meta property=\"article:publisher\" content=\"https:\/\/www.facebook.com\/cammecanique\/\" \/>\n<meta property=\"og:image\" content=\"https:\/\/cammecanique.com\/wp-content\/uploads\/2024\/07\/CAM-Mecanique-Yoast-Site.jpg\" \/>\n\t<meta property=\"og:image:width\" content=\"1200\" \/>\n\t<meta property=\"og:image:height\" content=\"675\" \/>\n\t<meta property=\"og:image:type\" content=\"image\/jpeg\" \/>\n<meta name=\"twitter:card\" content=\"summary_large_image\" \/>\n<meta name=\"twitter:label1\" content=\"Est. reading time\" \/>\n\t<meta name=\"twitter:data1\" content=\"2 minutes\" \/>\n<script type=\"application\/ld+json\" class=\"yoast-schema-graph\">{\"@context\":\"https:\/\/schema.org\",\"@graph\":[{\"@type\":\"WebPage\",\"@id\":\"https:\/\/cammecanique.com\/poste-assistante-chargee-de-projets\/\",\"url\":\"https:\/\/cammecanique.com\/poste-assistante-chargee-de-projets\/\",\"name\":\"Poste - Assistant(e) charg\u00e9(e) de projets - CAM M\u00e9canique\",\"isPartOf\":{\"@id\":\"https:\/\/cammecanique.com\/#website\"},\"datePublished\":\"2024-07-18T19:35:19+00:00\",\"breadcrumb\":{\"@id\":\"https:\/\/cammecanique.com\/poste-assistante-chargee-de-projets\/#breadcrumb\"},\"inLanguage\":\"en-CA\",\"potentialAction\":[{\"@type\":\"ReadAction\",\"target\":[\"https:\/\/cammecanique.com\/poste-assistante-chargee-de-projets\/\"]}]},{\"@type\":\"BreadcrumbList\",\"@id\":\"https:\/\/cammecanique.com\/poste-assistante-chargee-de-projets\/#breadcrumb\",\"itemListElement\":[{\"@type\":\"ListItem\",\"position\":1,\"name\":\"Accueil\",\"item\":\"https:\/\/cammecanique.com\/\"},{\"@type\":\"ListItem\",\"position\":2,\"name\":\"Poste &#8211; Assistant(e) charg\u00e9(e) de projets\"}]},{\"@type\":\"WebSite\",\"@id\":\"https:\/\/cammecanique.com\/#website\",\"url\":\"https:\/\/cammecanique.com\/\",\"name\":\"CAM M\u00e9canique\",\"description\":\"B\u00e2timent - Tuyauterie\",\"publisher\":{\"@id\":\"https:\/\/cammecanique.com\/#organization\"},\"alternateName\":\"CAM M\u00e9canique B\u00e2timent - Tuyauterie\",\"potentialAction\":[{\"@type\":\"SearchAction\",\"target\":{\"@type\":\"EntryPoint\",\"urlTemplate\":\"https:\/\/cammecanique.com\/?s={search_term_string}\"},\"query-input\":{\"@type\":\"PropertyValueSpecification\",\"valueRequired\":true,\"valueName\":\"search_term_string\"}}],\"inLanguage\":\"en-CA\"},{\"@type\":\"Organization\",\"@id\":\"https:\/\/cammecanique.com\/#organization\",\"name\":\"CAM M\u00e9canique\",\"alternateName\":\"CAM M\u00e9canique B\u00e2timent - Tuyauterie\",\"url\":\"https:\/\/cammecanique.com\/\",\"logo\":{\"@type\":\"ImageObject\",\"inLanguage\":\"en-CA\",\"@id\":\"https:\/\/cammecanique.com\/#\/schema\/logo\/image\/\",\"url\":\"https:\/\/cammecanique.com\/wp-content\/uploads\/2024\/06\/CAM-Mecanique-Logo-Yoast.png\",\"contentUrl\":\"https:\/\/cammecanique.com\/wp-content\/uploads\/2024\/06\/CAM-Mecanique-Logo-Yoast.png\",\"width\":696,\"height\":696,\"caption\":\"CAM M\u00e9canique\"},\"image\":{\"@id\":\"https:\/\/cammecanique.com\/#\/schema\/logo\/image\/\"},\"sameAs\":[\"https:\/\/www.facebook.com\/cammecanique\/\",\"https:\/\/www.linkedin.com\/company\/cam-mecanique-inc\/\"]}]}<\/script>\n<!-- \/ Yoast SEO plugin. -->","yoast_head_json":{"title":"Poste - Assistant(e) charg\u00e9(e) de projets - CAM M\u00e9canique","robots":{"index":"index","follow":"follow","max-snippet":"max-snippet:-1","max-image-preview":"max-image-preview:large","max-video-preview":"max-video-preview:-1"},"canonical":"https:\/\/cammecanique.com\/en\/poste-assistante-chargee-de-projets\/","og_locale":"en_US","og_type":"article","og_title":"Poste - Assistant(e) charg\u00e9(e) de projets - CAM M\u00e9canique","og_description":"Poste &#8211; Assistant(e) charg\u00e9(e) de projets Tu as l\u2019ambition pour [...]","og_url":"https:\/\/cammecanique.com\/en\/poste-assistante-chargee-de-projets\/","og_site_name":"CAM M\u00e9canique","article_publisher":"https:\/\/www.facebook.com\/cammecanique\/","og_image":[{"width":1200,"height":675,"url":"https:\/\/cammecanique.com\/wp-content\/uploads\/2024\/07\/CAM-Mecanique-Yoast-Site.jpg","type":"image\/jpeg"}],"twitter_card":"summary_large_image","twitter_misc":{"Est. reading time":"2 minutes"},"schema":{"@context":"https:\/\/schema.org","@graph":[{"@type":"WebPage","@id":"https:\/\/cammecanique.com\/poste-assistante-chargee-de-projets\/","url":"https:\/\/cammecanique.com\/poste-assistante-chargee-de-projets\/","name":"Poste - Assistant(e) charg\u00e9(e) de projets - CAM M\u00e9canique","isPartOf":{"@id":"https:\/\/cammecanique.com\/#website"},"datePublished":"2024-07-18T19:35:19+00:00","breadcrumb":{"@id":"https:\/\/cammecanique.com\/poste-assistante-chargee-de-projets\/#breadcrumb"},"inLanguage":"en-CA","potentialAction":[{"@type":"ReadAction","target":["https:\/\/cammecanique.com\/poste-assistante-chargee-de-projets\/"]}]},{"@type":"BreadcrumbList","@id":"https:\/\/cammecanique.com\/poste-assistante-chargee-de-projets\/#breadcrumb","itemListElement":[{"@type":"ListItem","position":1,"name":"Accueil","item":"https:\/\/cammecanique.com\/"},{"@type":"ListItem","position":2,"name":"Poste &#8211; Assistant(e) charg\u00e9(e) de projets"}]},{"@type":"WebSite","@id":"https:\/\/cammecanique.com\/#website","url":"https:\/\/cammecanique.com\/","name":"CAM M\u00e9canique","description":"B\u00e2timent - Tuyauterie","publisher":{"@id":"https:\/\/cammecanique.com\/#organization"},"alternateName":"CAM M\u00e9canique B\u00e2timent - Tuyauterie","potentialAction":[{"@type":"SearchAction","target":{"@type":"EntryPoint","urlTemplate":"https:\/\/cammecanique.com\/?s={search_term_string}"},"query-input":{"@type":"PropertyValueSpecification","valueRequired":true,"valueName":"search_term_string"}}],"inLanguage":"en-CA"},{"@type":"Organization","@id":"https:\/\/cammecanique.com\/#organization","name":"CAM M\u00e9canique","alternateName":"CAM M\u00e9canique B\u00e2timent - Tuyauterie","url":"https:\/\/cammecanique.com\/","logo":{"@type":"ImageObject","inLanguage":"en-CA","@id":"https:\/\/cammecanique.com\/#\/schema\/logo\/image\/","url":"https:\/\/cammecanique.com\/wp-content\/uploads\/2024\/06\/CAM-Mecanique-Logo-Yoast.png","contentUrl":"https:\/\/cammecanique.com\/wp-content\/uploads\/2024\/06\/CAM-Mecanique-Logo-Yoast.png","width":696,"height":696,"caption":"CAM M\u00e9canique"},"image":{"@id":"https:\/\/cammecanique.com\/#\/schema\/logo\/image\/"},"sameAs":["https:\/\/www.facebook.com\/cammecanique\/","https:\/\/www.linkedin.com\/company\/cam-mecanique-inc\/"]}]}},"_links":{"self":[{"href":"https:\/\/cammecanique.com\/en\/wp-json\/wp\/v2\/pages\/1364","targetHints":{"allow":["GET"]}}],"collection":[{"href":"https:\/\/cammecanique.com\/en\/wp-json\/wp\/v2\/pages"}],"about":[{"href":"https:\/\/cammecanique.com\/en\/wp-json\/wp\/v2\/types\/page"}],"author":[{"embeddable":true,"href":"https:\/\/cammecanique.com\/en\/wp-json\/wp\/v2\/users\/4"}],"replies":[{"embeddable":true,"href":"https:\/\/cammecanique.com\/en\/wp-json\/wp\/v2\/comments?post=1364"}],"version-history":[{"count":1,"href":"https:\/\/cammecanique.com\/en\/wp-json\/wp\/v2\/pages\/1364\/revisions"}],"predecessor-version":[{"id":1365,"href":"https:\/\/cammecanique.com\/en\/wp-json\/wp\/v2\/pages\/1364\/revisions\/1365"}],"wp:attachment":[{"href":"https:\/\/cammecanique.com\/en\/wp-json\/wp\/v2\/media?parent=1364"}],"curies":[{"name":"wp","href":"https:\/\/api.w.org\/{rel}","templated":true}]}}