{"id":18,"date":"2019-07-14T22:12:47","date_gmt":"2019-07-14T20:12:47","guid":{"rendered":"http:\/\/localhost\/cam\/?page_id=18"},"modified":"2024-08-27T14:52:56","modified_gmt":"2024-08-27T18:52:56","slug":"realisations","status":"publish","type":"page","link":"https:\/\/cammecanique.com\/en\/realisations\/","title":{"rendered":"Projects"},"content":{"rendered":"<p><div class=\"fusion-fullwidth fullwidth-box fusion-builder-row-1 fusion-flex-container has-pattern-background has-mask-background hundred-percent-fullwidth non-hundred-percent-height-scrolling\" style=\"--awb-border-radius-top-left:0px;--awb-border-radius-top-right:0px;--awb-border-radius-bottom-right:0px;--awb-border-radius-bottom-left:0px;--awb-padding-top:0px;--awb-padding-right:0px;--awb-padding-bottom:0px;--awb-padding-left:0px;--awb-min-height:33vh;--awb-min-height-small:0px;--awb-background-color:var(--awb-color4);--awb-flex-wrap:wrap;\" ><div class=\"fusion-builder-row fusion-row fusion-flex-align-items-stretch fusion-flex-content-wrap\" style=\"width:calc( 100% + 1px ) !important;max-width:calc( 100% + 1px ) !important;margin-left: calc(-1px \/ 2 );margin-right: calc(-1px \/ 2 );\"><div class=\"fusion-layout-column fusion_builder_column fusion-builder-column-0 fusion_builder_column_1_1 1_1 fusion-flex-column fusion-flex-align-self-stretch\" style=\"--awb-padding-top:48px;--awb-padding-right:48px;--awb-padding-bottom:48px;--awb-padding-left:48px;--awb-padding-top-small:32px;--awb-padding-right-small:32px;--awb-padding-bottom-small:32px;--awb-padding-left-small:32px;--awb-bg-color:var(--awb-color6);--awb-bg-color-hover:var(--awb-color6);--awb-bg-size:cover;--awb-width-large:100%;--awb-margin-top-large:0px;--awb-spacing-right-large:0.5px;--awb-margin-bottom-large:0px;--awb-spacing-left-large:0.5px;--awb-width-medium:100%;--awb-order-medium:0;--awb-spacing-right-medium:0.5px;--awb-spacing-left-medium:0.5px;--awb-width-small:100%;--awb-order-small:0;--awb-spacing-right-small:0.5px;--awb-margin-bottom-small:1px;--awb-spacing-left-small:0.5px;\"><div class=\"fusion-column-wrapper fusion-column-has-shadow fusion-flex-justify-content-flex-end fusion-content-layout-column\"><div class=\"fusion-title title fusion-title-1 fusion-sep-none fusion-title-text fusion-title-size-one\" style=\"--awb-text-color:var(--awb-color7);--awb-margin-top:0px;--awb-margin-bottom:0px;--awb-margin-top-small:0px;--awb-margin-bottom-small:0px;\"><h1 class=\"fusion-title-heading title-heading-left\" style=\"margin:0;\">Projects<\/h1><\/div><\/div><\/div><\/div><\/div><div class=\"fusion-fullwidth fullwidth-box fusion-builder-row-2 fusion-flex-container has-pattern-background has-mask-background hundred-percent-fullwidth non-hundred-percent-height-scrolling\" style=\"--awb-border-radius-top-left:0px;--awb-border-radius-top-right:0px;--awb-border-radius-bottom-right:0px;--awb-border-radius-bottom-left:0px;--awb-padding-top:0px;--awb-padding-right:0px;--awb-padding-bottom:0px;--awb-padding-left:0px;--awb-background-color:var(--awb-color6);--awb-flex-wrap:wrap;\" ><div class=\"fusion-builder-row fusion-row fusion-flex-align-items-flex-start fusion-flex-content-wrap\" style=\"width:104% !important;max-width:104% !important;margin-left: calc(-4% \/ 2 );margin-right: calc(-4% \/ 2 );\"><div class=\"fusion-layout-column fusion_builder_column fusion-builder-column-1 fusion_builder_column_1_1 1_1 fusion-flex-column\" style=\"--awb-bg-size:cover;--awb-width-large:100%;--awb-margin-top-large:0px;--awb-spacing-right-large:1.92%;--awb-margin-bottom-large:0px;--awb-spacing-left-large:1.92%;--awb-width-medium:100%;--awb-order-medium:0;--awb-spacing-right-medium:1.92%;--awb-spacing-left-medium:1.92%;--awb-width-small:100%;--awb-order-small:0;--awb-spacing-right-small:1.92%;--awb-spacing-left-small:1.92%;\"><div class=\"fusion-column-wrapper fusion-column-has-shadow fusion-flex-justify-content-flex-start fusion-content-layout-column\"><div class=\"awb-gallery-wrapper awb-gallery-wrapper-1 button-span-no\" style=\"--more-btn-alignment:center;\"><div style=\"margin:0px;--awb-aspect-ratio:16 \/ 9;--awb-bordersize:0px;--awb-caption-title-size:var(--awb-typography1-font-size);--awb-caption-title-transform:var(--awb-typography1-text-transform);--awb-caption-title-line-height:var(--awb-typography1-line-height);--awb-caption-title-letter-spacing:var(--awb-typography1-letter-spacing);--awb-caption-text-color:var(--awb-color7);--awb-caption-text-size:var(--awb-typography3-font-size);--awb-caption-text-transform:var(--awb-typography3-text-transform);--awb-caption-text-line-height:var(--awb-typography3-line-height);--awb-caption-text-letter-spacing:var(--awb-typography3-letter-spacing);--awb-caption-overlay-color:var(--awb-custom_color_4);--awb-caption-background-color:rgba(255,255,255,0);--awb-caption-title-font-family:var(--awb-typography1-font-family);--awb-caption-title-font-weight:var(--awb-typography1-font-weight);--awb-caption-title-font-style:var(--awb-typography1-font-style);--awb-caption-text-font-family:var(--awb-typography3-font-family);--awb-caption-text-font-weight:var(--awb-typography3-font-weight);--awb-caption-text-font-style:var(--awb-typography3-font-style);\" class=\"fusion-gallery fusion-gallery-container fusion-grid-2 fusion-columns-total-1 fusion-gallery-layout-grid fusion-gallery-1 cam-realisations has-aspect-ratio\"><div style=\"padding:0.5px;\" class=\"fusion-grid-column fusion-gallery-column fusion-gallery-column-2\"><div class=\"fusion-gallery-image awb-imageframe-style awb-imageframe-style-navin\"><img decoding=\"async\" src=\"https:\/\/cammecanique.com\/wp-content\/uploads\/2024\/06\/CAM-Maison-Aines-Valleyfield.webp\" width=\"710\" height=\"400\" alt=\"Construction de la Maison des a\u00een\u00e9s et alternative \u00e0 Salaberry-de-Valleyfield\" title=\"Construction of the Maison des a\u00een\u00e9s et alternative in Salaberry-de-Valleyfield\" aria-label=\"Construction of the Maison des a\u00een\u00e9s et alternative in Salaberry-de-Valleyfield\" class=\"img-responsive wp-image-\"  \/><div class=\"awb-imageframe-caption-container\"><div class=\"awb-imageframe-caption\"><h3 class=\"awb-imageframe-caption-title\"> <\/h3><p class=\"awb-imageframe-caption-text\">Construction of the Maison des a\u00een\u00e9s et alternative in Salaberry-de-Valleyfield<\/p><\/div><\/div><\/div><\/div><div style=\"padding:0.5px;\" class=\"fusion-grid-column fusion-gallery-column fusion-gallery-column-2\"><div class=\"fusion-gallery-image awb-imageframe-style awb-imageframe-style-navin\"><img decoding=\"async\" src=\"https:\/\/cammecanique.com\/wp-content\/uploads\/2024\/06\/CAM-Maison-Aines-Carignan.webp\" width=\"1200\" height=\"800\" alt=\"Construction de la Maison des a\u00een\u00e9s et alternative de Carignan\" title=\"Construction of the Maison des a\u00een\u00e9s et alternative in Carignan\" aria-label=\"Construction of the Maison des a\u00een\u00e9s et alternative in Carignan\" class=\"img-responsive wp-image-\"  \/><div class=\"awb-imageframe-caption-container\"><div class=\"awb-imageframe-caption\"><h3 class=\"awb-imageframe-caption-title\"> <\/h3><p class=\"awb-imageframe-caption-text\">Construction of the Maison des a\u00een\u00e9s et alternative in Carignan<\/p><\/div><\/div><\/div><\/div><div class=\"clearfix\"><\/div><div style=\"padding:0.5px;\" class=\"fusion-grid-column fusion-gallery-column fusion-gallery-column-2\"><div class=\"fusion-gallery-image awb-imageframe-style awb-imageframe-style-navin\"><img decoding=\"async\" src=\"https:\/\/cammecanique.com\/wp-content\/uploads\/2024\/06\/3_Reamenagement-Bloc-C-1000-Fullum.webp\" width=\"880\" height=\"495\" alt=\"R\u00e9am\u00e9nagement du Bloc C au 1000, rue Fullum \u00e0 Montr\u00e9al\" title=\"Redevelopment of Block C at 1000 Fullum Street in Montreal\" aria-label=\"Redevelopment of Block C at 1000 Fullum Street in Montreal\" class=\"img-responsive wp-image-\"  \/><div class=\"awb-imageframe-caption-container\"><div class=\"awb-imageframe-caption\"><h3 class=\"awb-imageframe-caption-title\"> <\/h3><p class=\"awb-imageframe-caption-text\">Redevelopment of Block C at 1000 Fullum Street in Montreal<\/p><\/div><\/div><\/div><\/div><div style=\"padding:0.5px;\" class=\"fusion-grid-column fusion-gallery-column fusion-gallery-column-2\"><div class=\"fusion-gallery-image awb-imageframe-style awb-imageframe-style-navin\"><img decoding=\"async\" src=\"https:\/\/cammecanique.com\/wp-content\/uploads\/2024\/06\/4_Complexe-temporaire-Anna-Laberge.webp\" width=\"800\" height=\"414\" alt=\"H\u00f4pital Anna-Laberge \u2013 Complexe temporaire lot 3\" title=\"Anna-Laberge Hospital - Temporary complex lot 3\" aria-label=\"Anna-Laberge Hospital - Temporary complex lot 3\" class=\"img-responsive wp-image-\"  \/><div class=\"awb-imageframe-caption-container\"><div class=\"awb-imageframe-caption\"><h3 class=\"awb-imageframe-caption-title\"> <\/h3><p class=\"awb-imageframe-caption-text\">Anna-Laberge Hospital - Temporary complex lot 3<\/p><\/div><\/div><\/div><\/div><div class=\"clearfix\"><\/div><div style=\"padding:0.5px;\" class=\"fusion-grid-column fusion-gallery-column fusion-gallery-column-2\"><div class=\"fusion-gallery-image awb-imageframe-style awb-imageframe-style-navin\"><img decoding=\"async\" src=\"https:\/\/cammecanique.com\/wp-content\/uploads\/2024\/06\/5_Village-Scallabrini-\u2013-Construction-dun-nouveau-batiment-dhabitation-de-3-etages.webp\" width=\"1080\" height=\"608\" alt=\"Village Scallabrini \u2013 Construction d\u2019un nouveau b\u00e2timent d\u2019habitation de 3 \u00e9tages\" title=\"Village Scallabrini - Construction of a new 3-storey residential building\" aria-label=\"Village Scallabrini - Construction of a new 3-storey residential building\" class=\"img-responsive wp-image-\"  \/><div class=\"awb-imageframe-caption-container\"><div class=\"awb-imageframe-caption\"><h3 class=\"awb-imageframe-caption-title\"> <\/h3><p class=\"awb-imageframe-caption-text\">Village Scallabrini - Construction of a new 3-storey residential building<\/p><\/div><\/div><\/div><\/div><div style=\"padding:0.5px;\" class=\"fusion-grid-column fusion-gallery-column fusion-gallery-column-2\"><div class=\"fusion-gallery-image awb-imageframe-style awb-imageframe-style-navin\"><img decoding=\"async\" src=\"https:\/\/cammecanique.com\/wp-content\/uploads\/2024\/06\/6_Renovation-du-Chalet-du-parc-de-la-Louisiane_Montrealk.webp\" width=\"1920\" height=\"1080\" alt=\"R\u00e9novation du Chalet du parc de la Louisiane (Montr\u00e9al)\" title=\"Renovation of the Chalet in Parc de la Louisiane (Montreal)\" aria-label=\"Renovation of the Chalet in Parc de la Louisiane (Montreal)\" class=\"img-responsive wp-image-\"  \/><div class=\"awb-imageframe-caption-container\"><div class=\"awb-imageframe-caption\"><h3 class=\"awb-imageframe-caption-title\"> <\/h3><p class=\"awb-imageframe-caption-text\">Renovation of the Chalet in Parc de la Louisiane (Montreal)<\/p><\/div><\/div><\/div><\/div><div class=\"clearfix\"><\/div><div style=\"padding:0.5px;\" class=\"fusion-grid-column fusion-gallery-column fusion-gallery-column-2\"><div class=\"fusion-gallery-image awb-imageframe-style awb-imageframe-style-navin\"><img decoding=\"async\" src=\"https:\/\/cammecanique.com\/wp-content\/uploads\/2024\/06\/7_Cite-Angus-Bloc-2.webp\" width=\"1600\" height=\"1066\" alt=\"Cit\u00e9 Angus Bloc 2\" title=\"Cit\u00e9 Angus Bloc 2\" aria-label=\"Cit\u00e9 Angus Bloc 2\" class=\"img-responsive wp-image-\"  \/><div class=\"awb-imageframe-caption-container\"><div class=\"awb-imageframe-caption\"><h3 class=\"awb-imageframe-caption-title\"> <\/h3><p class=\"awb-imageframe-caption-text\">Cit\u00e9 Angus Bloc 2<\/p><\/div><\/div><\/div><\/div><div style=\"padding:0.5px;\" class=\"fusion-grid-column fusion-gallery-column fusion-gallery-column-2\"><div class=\"fusion-gallery-image awb-imageframe-style awb-imageframe-style-navin\"><img decoding=\"async\" src=\"https:\/\/cammecanique.com\/wp-content\/uploads\/2024\/06\/8_Cite-Angus-LG2.webp\" width=\"1600\" height=\"1000\" alt=\"Cit\u00e9 Angus LG2\" title=\"Cit\u00e9 Angus LG2\" aria-label=\"Cit\u00e9 Angus LG2\" class=\"img-responsive wp-image-\"  \/><div class=\"awb-imageframe-caption-container\"><div class=\"awb-imageframe-caption\"><h3 class=\"awb-imageframe-caption-title\"> <\/h3><p class=\"awb-imageframe-caption-text\">Cit\u00e9 Angus LG2<\/p><\/div><\/div><\/div><\/div><div class=\"clearfix\"><\/div><\/div><\/div><\/div><\/div><\/div><\/div><\/p>","protected":false},"excerpt":{"rendered":"","protected":false},"author":1,"featured_media":1663,"parent":0,"menu_order":6,"comment_status":"closed","ping_status":"closed","template":"100-width.php","meta":{"_acf_changed":false,"footnotes":""},"class_list":["post-18","page","type-page","status-publish","has-post-thumbnail","hentry"],"acf":[],"yoast_head":"<!-- This site is optimized with the Yoast SEO plugin v25.4 - https:\/\/yoast.com\/wordpress\/plugins\/seo\/ -->\n<title>R\u00e9alisations - CAM M\u00e9canique<\/title>\n<meta name=\"description\" content=\"Visualisez les r\u00e9alisations ambitieuses de notre \u00e9quipe chez CAM M\u00e9canique.\" \/>\n<meta name=\"robots\" content=\"index, follow, max-snippet:-1, max-image-preview:large, max-video-preview:-1\" \/>\n<link rel=\"canonical\" href=\"https:\/\/cammecanique.com\/en\/realisations\/\" \/>\n<meta property=\"og:locale\" content=\"en_US\" \/>\n<meta property=\"og:type\" content=\"article\" \/>\n<meta property=\"og:title\" content=\"R\u00e9alisations - CAM M\u00e9canique\" \/>\n<meta property=\"og:description\" content=\"Visualisez les r\u00e9alisations ambitieuses de notre \u00e9quipe chez CAM M\u00e9canique.\" \/>\n<meta property=\"og:url\" content=\"https:\/\/cammecanique.com\/en\/realisations\/\" \/>\n<meta property=\"og:site_name\" content=\"CAM M\u00e9canique\" \/>\n<meta property=\"article:publisher\" content=\"https:\/\/www.facebook.com\/cammecanique\/\" \/>\n<meta property=\"article:modified_time\" content=\"2024-08-27T18:52:56+00:00\" \/>\n<meta property=\"og:image\" content=\"https:\/\/cammecanique.com\/wp-content\/uploads\/2024\/06\/Realisations-1920x1080-1.webp\" \/>\n\t<meta property=\"og:image:width\" content=\"1920\" \/>\n\t<meta property=\"og:image:height\" content=\"1080\" \/>\n\t<meta property=\"og:image:type\" content=\"image\/webp\" \/>\n<meta name=\"twitter:card\" content=\"summary_large_image\" \/>\n<meta name=\"twitter:label1\" content=\"Est. reading time\" \/>\n\t<meta name=\"twitter:data1\" content=\"1 minute\" \/>\n<script type=\"application\/ld+json\" class=\"yoast-schema-graph\">{\"@context\":\"https:\/\/schema.org\",\"@graph\":[{\"@type\":\"WebPage\",\"@id\":\"https:\/\/cammecanique.com\/realisations\/\",\"url\":\"https:\/\/cammecanique.com\/realisations\/\",\"name\":\"R\u00e9alisations - CAM M\u00e9canique\",\"isPartOf\":{\"@id\":\"https:\/\/cammecanique.com\/#website\"},\"primaryImageOfPage\":{\"@id\":\"https:\/\/cammecanique.com\/realisations\/#primaryimage\"},\"image\":{\"@id\":\"https:\/\/cammecanique.com\/realisations\/#primaryimage\"},\"thumbnailUrl\":\"https:\/\/cammecanique.com\/wp-content\/uploads\/2024\/06\/Realisations-1920x1080-1.webp\",\"datePublished\":\"2019-07-14T20:12:47+00:00\",\"dateModified\":\"2024-08-27T18:52:56+00:00\",\"description\":\"Visualisez les r\u00e9alisations ambitieuses de notre \u00e9quipe chez CAM M\u00e9canique.\",\"breadcrumb\":{\"@id\":\"https:\/\/cammecanique.com\/realisations\/#breadcrumb\"},\"inLanguage\":\"en-CA\",\"potentialAction\":[{\"@type\":\"ReadAction\",\"target\":[\"https:\/\/cammecanique.com\/realisations\/\"]}]},{\"@type\":\"ImageObject\",\"inLanguage\":\"en-CA\",\"@id\":\"https:\/\/cammecanique.com\/realisations\/#primaryimage\",\"url\":\"https:\/\/cammecanique.com\/wp-content\/uploads\/2024\/06\/Realisations-1920x1080-1.webp\",\"contentUrl\":\"https:\/\/cammecanique.com\/wp-content\/uploads\/2024\/06\/Realisations-1920x1080-1.webp\",\"width\":1920,\"height\":1080,\"caption\":\"CAM M\u00e9canique R\u00e9alisations\"},{\"@type\":\"BreadcrumbList\",\"@id\":\"https:\/\/cammecanique.com\/realisations\/#breadcrumb\",\"itemListElement\":[{\"@type\":\"ListItem\",\"position\":1,\"name\":\"Accueil\",\"item\":\"https:\/\/cammecanique.com\/\"},{\"@type\":\"ListItem\",\"position\":2,\"name\":\"R\u00e9alisations\"}]},{\"@type\":\"WebSite\",\"@id\":\"https:\/\/cammecanique.com\/#website\",\"url\":\"https:\/\/cammecanique.com\/\",\"name\":\"CAM M\u00e9canique\",\"description\":\"B\u00e2timent - Tuyauterie\",\"publisher\":{\"@id\":\"https:\/\/cammecanique.com\/#organization\"},\"alternateName\":\"CAM M\u00e9canique B\u00e2timent - Tuyauterie\",\"potentialAction\":[{\"@type\":\"SearchAction\",\"target\":{\"@type\":\"EntryPoint\",\"urlTemplate\":\"https:\/\/cammecanique.com\/?s={search_term_string}\"},\"query-input\":{\"@type\":\"PropertyValueSpecification\",\"valueRequired\":true,\"valueName\":\"search_term_string\"}}],\"inLanguage\":\"en-CA\"},{\"@type\":\"Organization\",\"@id\":\"https:\/\/cammecanique.com\/#organization\",\"name\":\"CAM M\u00e9canique\",\"alternateName\":\"CAM M\u00e9canique B\u00e2timent - Tuyauterie\",\"url\":\"https:\/\/cammecanique.com\/\",\"logo\":{\"@type\":\"ImageObject\",\"inLanguage\":\"en-CA\",\"@id\":\"https:\/\/cammecanique.com\/#\/schema\/logo\/image\/\",\"url\":\"https:\/\/cammecanique.com\/wp-content\/uploads\/2024\/06\/CAM-Mecanique-Logo-Yoast.png\",\"contentUrl\":\"https:\/\/cammecanique.com\/wp-content\/uploads\/2024\/06\/CAM-Mecanique-Logo-Yoast.png\",\"width\":696,\"height\":696,\"caption\":\"CAM M\u00e9canique\"},\"image\":{\"@id\":\"https:\/\/cammecanique.com\/#\/schema\/logo\/image\/\"},\"sameAs\":[\"https:\/\/www.facebook.com\/cammecanique\/\",\"https:\/\/www.linkedin.com\/company\/cam-mecanique-inc\/\"]}]}<\/script>\n<!-- \/ Yoast SEO plugin. -->","yoast_head_json":{"title":"R\u00e9alisations - CAM M\u00e9canique","description":"Visualisez les r\u00e9alisations ambitieuses de notre \u00e9quipe chez CAM M\u00e9canique.","robots":{"index":"index","follow":"follow","max-snippet":"max-snippet:-1","max-image-preview":"max-image-preview:large","max-video-preview":"max-video-preview:-1"},"canonical":"https:\/\/cammecanique.com\/en\/realisations\/","og_locale":"en_US","og_type":"article","og_title":"R\u00e9alisations - CAM M\u00e9canique","og_description":"Visualisez les r\u00e9alisations ambitieuses de notre \u00e9quipe chez CAM M\u00e9canique.","og_url":"https:\/\/cammecanique.com\/en\/realisations\/","og_site_name":"CAM M\u00e9canique","article_publisher":"https:\/\/www.facebook.com\/cammecanique\/","article_modified_time":"2024-08-27T18:52:56+00:00","og_image":[{"width":1920,"height":1080,"url":"https:\/\/cammecanique.com\/wp-content\/uploads\/2024\/06\/Realisations-1920x1080-1.webp","type":"image\/webp"}],"twitter_card":"summary_large_image","twitter_misc":{"Est. reading time":"1 minute"},"schema":{"@context":"https:\/\/schema.org","@graph":[{"@type":"WebPage","@id":"https:\/\/cammecanique.com\/realisations\/","url":"https:\/\/cammecanique.com\/realisations\/","name":"R\u00e9alisations - CAM M\u00e9canique","isPartOf":{"@id":"https:\/\/cammecanique.com\/#website"},"primaryImageOfPage":{"@id":"https:\/\/cammecanique.com\/realisations\/#primaryimage"},"image":{"@id":"https:\/\/cammecanique.com\/realisations\/#primaryimage"},"thumbnailUrl":"https:\/\/cammecanique.com\/wp-content\/uploads\/2024\/06\/Realisations-1920x1080-1.webp","datePublished":"2019-07-14T20:12:47+00:00","dateModified":"2024-08-27T18:52:56+00:00","description":"Visualisez les r\u00e9alisations ambitieuses de notre \u00e9quipe chez CAM M\u00e9canique.","breadcrumb":{"@id":"https:\/\/cammecanique.com\/realisations\/#breadcrumb"},"inLanguage":"en-CA","potentialAction":[{"@type":"ReadAction","target":["https:\/\/cammecanique.com\/realisations\/"]}]},{"@type":"ImageObject","inLanguage":"en-CA","@id":"https:\/\/cammecanique.com\/realisations\/#primaryimage","url":"https:\/\/cammecanique.com\/wp-content\/uploads\/2024\/06\/Realisations-1920x1080-1.webp","contentUrl":"https:\/\/cammecanique.com\/wp-content\/uploads\/2024\/06\/Realisations-1920x1080-1.webp","width":1920,"height":1080,"caption":"CAM M\u00e9canique R\u00e9alisations"},{"@type":"BreadcrumbList","@id":"https:\/\/cammecanique.com\/realisations\/#breadcrumb","itemListElement":[{"@type":"ListItem","position":1,"name":"Accueil","item":"https:\/\/cammecanique.com\/"},{"@type":"ListItem","position":2,"name":"R\u00e9alisations"}]},{"@type":"WebSite","@id":"https:\/\/cammecanique.com\/#website","url":"https:\/\/cammecanique.com\/","name":"CAM M\u00e9canique","description":"B\u00e2timent - Tuyauterie","publisher":{"@id":"https:\/\/cammecanique.com\/#organization"},"alternateName":"CAM M\u00e9canique B\u00e2timent - Tuyauterie","potentialAction":[{"@type":"SearchAction","target":{"@type":"EntryPoint","urlTemplate":"https:\/\/cammecanique.com\/?s={search_term_string}"},"query-input":{"@type":"PropertyValueSpecification","valueRequired":true,"valueName":"search_term_string"}}],"inLanguage":"en-CA"},{"@type":"Organization","@id":"https:\/\/cammecanique.com\/#organization","name":"CAM M\u00e9canique","alternateName":"CAM M\u00e9canique B\u00e2timent - Tuyauterie","url":"https:\/\/cammecanique.com\/","logo":{"@type":"ImageObject","inLanguage":"en-CA","@id":"https:\/\/cammecanique.com\/#\/schema\/logo\/image\/","url":"https:\/\/cammecanique.com\/wp-content\/uploads\/2024\/06\/CAM-Mecanique-Logo-Yoast.png","contentUrl":"https:\/\/cammecanique.com\/wp-content\/uploads\/2024\/06\/CAM-Mecanique-Logo-Yoast.png","width":696,"height":696,"caption":"CAM M\u00e9canique"},"image":{"@id":"https:\/\/cammecanique.com\/#\/schema\/logo\/image\/"},"sameAs":["https:\/\/www.facebook.com\/cammecanique\/","https:\/\/www.linkedin.com\/company\/cam-mecanique-inc\/"]}]}},"_links":{"self":[{"href":"https:\/\/cammecanique.com\/en\/wp-json\/wp\/v2\/pages\/18","targetHints":{"allow":["GET"]}}],"collection":[{"href":"https:\/\/cammecanique.com\/en\/wp-json\/wp\/v2\/pages"}],"about":[{"href":"https:\/\/cammecanique.com\/en\/wp-json\/wp\/v2\/types\/page"}],"author":[{"embeddable":true,"href":"https:\/\/cammecanique.com\/en\/wp-json\/wp\/v2\/users\/1"}],"replies":[{"embeddable":true,"href":"https:\/\/cammecanique.com\/en\/wp-json\/wp\/v2\/comments?post=18"}],"version-history":[{"count":44,"href":"https:\/\/cammecanique.com\/en\/wp-json\/wp\/v2\/pages\/18\/revisions"}],"predecessor-version":[{"id":2095,"href":"https:\/\/cammecanique.com\/en\/wp-json\/wp\/v2\/pages\/18\/revisions\/2095"}],"wp:featuredmedia":[{"embeddable":true,"href":"https:\/\/cammecanique.com\/en\/wp-json\/wp\/v2\/media\/1663"}],"wp:attachment":[{"href":"https:\/\/cammecanique.com\/en\/wp-json\/wp\/v2\/media?parent=18"}],"curies":[{"name":"wp","href":"https:\/\/api.w.org\/{rel}","templated":true}]}}