{"id":229,"date":"2024-07-18T15:35:21","date_gmt":"2024-07-18T19:35:21","guid":{"rendered":"https:\/\/cammecanique.com\/?page_id=229"},"modified":"2024-07-18T15:35:21","modified_gmt":"2024-07-18T19:35:21","slug":"contact","status":"publish","type":"page","link":"https:\/\/cammecanique.com\/en\/contact\/","title":{"rendered":"Contact"},"content":{"rendered":"<h1 style=\"text-align: center;\">Contact us<\/h1>\n<p style=\"text-align: center;\"><img decoding=\"async\" class=\"size-full wp-image-68 aligncenter\" src=\"https:\/\/cammecanique.com\/wp-content\/uploads\/2019\/04\/cam-mecanique-logo.png\" alt=\"\" width=\"215\" height=\"90\" \/><\/p>\n<h3 style=\"text-align: center;\">Opening hours<\/h3>\n<p style=\"text-align: center;\"><strong>\u200bMonday to thursday<\/strong><br \/>\n6 a.m to 5 p.m<\/p>\n<p style=\"text-align: center;\"><strong>Friday<\/strong> 6 a.m to 2 p.m<\/p>\n<p>&nbsp;<\/p>\n<h3 style=\"text-align: center;\">Contact<\/h3>\n<p style=\"text-align: center;\">Phone : <a href=\"tel:450 241-1410\">450 241-1410<\/a><br \/>\nEmail : <a href=\"mailto:info@cammecanique.com\">info@cammecanique.com<\/a><\/p>\n<p style=\"text-align: center;\">101 rue Omer-Deserres suite 101<br \/>\nBlainville Qc J7C 0C9<\/p>\n<div id=\"map\"><iframe style=\"width: 100%; height: 350px; margin-top: 10px; margin-bottom: 10px;\" src=\"\/\/www.weebly.com\/weebly\/apps\/generateMap.php?map=google&amp;elementid=252377327936661320&amp;ineditor=0&amp;control=3&amp;width=auto&amp;height=350px&amp;overviewmap=0&amp;scalecontrol=0&amp;typecontrol=0&amp;zoom=15&amp;long=-73.9286411&amp;lat=45.6813589&amp;domain=www&amp;point=1&amp;align=1&amp;reseller=false\" frameborder=\"0\" scrolling=\"no\"><\/iframe><\/div>","protected":false},"excerpt":{"rendered":"<p>Contact us Opening hours \u200bMonday to thursday 6 a.m to  [&#8230;]<\/p>","protected":false},"author":1,"featured_media":1189,"parent":0,"menu_order":37,"comment_status":"closed","ping_status":"closed","template":"","meta":{"_acf_changed":false,"footnotes":""},"class_list":["post-229","page","type-page","status-publish","has-post-thumbnail","hentry"],"acf":[],"yoast_head":"<!-- This site is optimized with the Yoast SEO plugin v25.4 - https:\/\/yoast.com\/wordpress\/plugins\/seo\/ -->\n<title>Contact - CAM M\u00e9canique<\/title>\n<meta name=\"robots\" content=\"index, follow, max-snippet:-1, max-image-preview:large, max-video-preview:-1\" \/>\n<link rel=\"canonical\" href=\"https:\/\/cammecanique.com\/en\/contact\/\" \/>\n<meta property=\"og:locale\" content=\"en_US\" \/>\n<meta property=\"og:type\" content=\"article\" \/>\n<meta property=\"og:title\" content=\"Contact - CAM M\u00e9canique\" \/>\n<meta property=\"og:description\" content=\"Contact us Opening hours \u200bMonday to thursday 6 a.m to [...]\" \/>\n<meta property=\"og:url\" content=\"https:\/\/cammecanique.com\/en\/contact\/\" \/>\n<meta property=\"og:site_name\" content=\"CAM M\u00e9canique\" \/>\n<meta property=\"article:publisher\" content=\"https:\/\/www.facebook.com\/cammecanique\/\" \/>\n<meta property=\"og:image\" content=\"https:\/\/cammecanique.com\/wp-content\/uploads\/2022\/02\/CAM-nous-joindre2.jpg\" \/>\n\t<meta property=\"og:image:width\" content=\"2000\" \/>\n\t<meta property=\"og:image:height\" content=\"350\" \/>\n\t<meta property=\"og:image:type\" content=\"image\/jpeg\" \/>\n<meta name=\"twitter:card\" content=\"summary_large_image\" \/>\n<script type=\"application\/ld+json\" class=\"yoast-schema-graph\">{\"@context\":\"https:\/\/schema.org\",\"@graph\":[{\"@type\":\"WebPage\",\"@id\":\"https:\/\/cammecanique.com\/contact\/\",\"url\":\"https:\/\/cammecanique.com\/contact\/\",\"name\":\"Contact - CAM M\u00e9canique\",\"isPartOf\":{\"@id\":\"https:\/\/cammecanique.com\/#website\"},\"primaryImageOfPage\":{\"@id\":\"https:\/\/cammecanique.com\/contact\/#primaryimage\"},\"image\":{\"@id\":\"https:\/\/cammecanique.com\/contact\/#primaryimage\"},\"thumbnailUrl\":\"https:\/\/cammecanique.com\/wp-content\/uploads\/2022\/02\/CAM-nous-joindre2.jpg\",\"datePublished\":\"2024-07-18T19:35:21+00:00\",\"breadcrumb\":{\"@id\":\"https:\/\/cammecanique.com\/contact\/#breadcrumb\"},\"inLanguage\":\"en-CA\",\"potentialAction\":[{\"@type\":\"ReadAction\",\"target\":[\"https:\/\/cammecanique.com\/contact\/\"]}]},{\"@type\":\"ImageObject\",\"inLanguage\":\"en-CA\",\"@id\":\"https:\/\/cammecanique.com\/contact\/#primaryimage\",\"url\":\"https:\/\/cammecanique.com\/wp-content\/uploads\/2022\/02\/CAM-nous-joindre2.jpg\",\"contentUrl\":\"https:\/\/cammecanique.com\/wp-content\/uploads\/2022\/02\/CAM-nous-joindre2.jpg\",\"width\":2000,\"height\":350},{\"@type\":\"BreadcrumbList\",\"@id\":\"https:\/\/cammecanique.com\/contact\/#breadcrumb\",\"itemListElement\":[{\"@type\":\"ListItem\",\"position\":1,\"name\":\"Accueil\",\"item\":\"https:\/\/cammecanique.com\/\"},{\"@type\":\"ListItem\",\"position\":2,\"name\":\"Contact\"}]},{\"@type\":\"WebSite\",\"@id\":\"https:\/\/cammecanique.com\/#website\",\"url\":\"https:\/\/cammecanique.com\/\",\"name\":\"CAM M\u00e9canique\",\"description\":\"B\u00e2timent - Tuyauterie\",\"publisher\":{\"@id\":\"https:\/\/cammecanique.com\/#organization\"},\"alternateName\":\"CAM M\u00e9canique B\u00e2timent - Tuyauterie\",\"potentialAction\":[{\"@type\":\"SearchAction\",\"target\":{\"@type\":\"EntryPoint\",\"urlTemplate\":\"https:\/\/cammecanique.com\/?s={search_term_string}\"},\"query-input\":{\"@type\":\"PropertyValueSpecification\",\"valueRequired\":true,\"valueName\":\"search_term_string\"}}],\"inLanguage\":\"en-CA\"},{\"@type\":\"Organization\",\"@id\":\"https:\/\/cammecanique.com\/#organization\",\"name\":\"CAM M\u00e9canique\",\"alternateName\":\"CAM M\u00e9canique B\u00e2timent - Tuyauterie\",\"url\":\"https:\/\/cammecanique.com\/\",\"logo\":{\"@type\":\"ImageObject\",\"inLanguage\":\"en-CA\",\"@id\":\"https:\/\/cammecanique.com\/#\/schema\/logo\/image\/\",\"url\":\"https:\/\/cammecanique.com\/wp-content\/uploads\/2024\/06\/CAM-Mecanique-Logo-Yoast.png\",\"contentUrl\":\"https:\/\/cammecanique.com\/wp-content\/uploads\/2024\/06\/CAM-Mecanique-Logo-Yoast.png\",\"width\":696,\"height\":696,\"caption\":\"CAM M\u00e9canique\"},\"image\":{\"@id\":\"https:\/\/cammecanique.com\/#\/schema\/logo\/image\/\"},\"sameAs\":[\"https:\/\/www.facebook.com\/cammecanique\/\",\"https:\/\/www.linkedin.com\/company\/cam-mecanique-inc\/\"]}]}<\/script>\n<!-- \/ Yoast SEO plugin. -->","yoast_head_json":{"title":"Contact - CAM M\u00e9canique","robots":{"index":"index","follow":"follow","max-snippet":"max-snippet:-1","max-image-preview":"max-image-preview:large","max-video-preview":"max-video-preview:-1"},"canonical":"https:\/\/cammecanique.com\/en\/contact\/","og_locale":"en_US","og_type":"article","og_title":"Contact - CAM M\u00e9canique","og_description":"Contact us Opening hours \u200bMonday to thursday 6 a.m to [...]","og_url":"https:\/\/cammecanique.com\/en\/contact\/","og_site_name":"CAM M\u00e9canique","article_publisher":"https:\/\/www.facebook.com\/cammecanique\/","og_image":[{"width":2000,"height":350,"url":"https:\/\/cammecanique.com\/wp-content\/uploads\/2022\/02\/CAM-nous-joindre2.jpg","type":"image\/jpeg"}],"twitter_card":"summary_large_image","schema":{"@context":"https:\/\/schema.org","@graph":[{"@type":"WebPage","@id":"https:\/\/cammecanique.com\/contact\/","url":"https:\/\/cammecanique.com\/contact\/","name":"Contact - CAM M\u00e9canique","isPartOf":{"@id":"https:\/\/cammecanique.com\/#website"},"primaryImageOfPage":{"@id":"https:\/\/cammecanique.com\/contact\/#primaryimage"},"image":{"@id":"https:\/\/cammecanique.com\/contact\/#primaryimage"},"thumbnailUrl":"https:\/\/cammecanique.com\/wp-content\/uploads\/2022\/02\/CAM-nous-joindre2.jpg","datePublished":"2024-07-18T19:35:21+00:00","breadcrumb":{"@id":"https:\/\/cammecanique.com\/contact\/#breadcrumb"},"inLanguage":"en-CA","potentialAction":[{"@type":"ReadAction","target":["https:\/\/cammecanique.com\/contact\/"]}]},{"@type":"ImageObject","inLanguage":"en-CA","@id":"https:\/\/cammecanique.com\/contact\/#primaryimage","url":"https:\/\/cammecanique.com\/wp-content\/uploads\/2022\/02\/CAM-nous-joindre2.jpg","contentUrl":"https:\/\/cammecanique.com\/wp-content\/uploads\/2022\/02\/CAM-nous-joindre2.jpg","width":2000,"height":350},{"@type":"BreadcrumbList","@id":"https:\/\/cammecanique.com\/contact\/#breadcrumb","itemListElement":[{"@type":"ListItem","position":1,"name":"Accueil","item":"https:\/\/cammecanique.com\/"},{"@type":"ListItem","position":2,"name":"Contact"}]},{"@type":"WebSite","@id":"https:\/\/cammecanique.com\/#website","url":"https:\/\/cammecanique.com\/","name":"CAM M\u00e9canique","description":"B\u00e2timent - Tuyauterie","publisher":{"@id":"https:\/\/cammecanique.com\/#organization"},"alternateName":"CAM M\u00e9canique B\u00e2timent - Tuyauterie","potentialAction":[{"@type":"SearchAction","target":{"@type":"EntryPoint","urlTemplate":"https:\/\/cammecanique.com\/?s={search_term_string}"},"query-input":{"@type":"PropertyValueSpecification","valueRequired":true,"valueName":"search_term_string"}}],"inLanguage":"en-CA"},{"@type":"Organization","@id":"https:\/\/cammecanique.com\/#organization","name":"CAM M\u00e9canique","alternateName":"CAM M\u00e9canique B\u00e2timent - Tuyauterie","url":"https:\/\/cammecanique.com\/","logo":{"@type":"ImageObject","inLanguage":"en-CA","@id":"https:\/\/cammecanique.com\/#\/schema\/logo\/image\/","url":"https:\/\/cammecanique.com\/wp-content\/uploads\/2024\/06\/CAM-Mecanique-Logo-Yoast.png","contentUrl":"https:\/\/cammecanique.com\/wp-content\/uploads\/2024\/06\/CAM-Mecanique-Logo-Yoast.png","width":696,"height":696,"caption":"CAM M\u00e9canique"},"image":{"@id":"https:\/\/cammecanique.com\/#\/schema\/logo\/image\/"},"sameAs":["https:\/\/www.facebook.com\/cammecanique\/","https:\/\/www.linkedin.com\/company\/cam-mecanique-inc\/"]}]}},"_links":{"self":[{"href":"https:\/\/cammecanique.com\/en\/wp-json\/wp\/v2\/pages\/229","targetHints":{"allow":["GET"]}}],"collection":[{"href":"https:\/\/cammecanique.com\/en\/wp-json\/wp\/v2\/pages"}],"about":[{"href":"https:\/\/cammecanique.com\/en\/wp-json\/wp\/v2\/types\/page"}],"author":[{"embeddable":true,"href":"https:\/\/cammecanique.com\/en\/wp-json\/wp\/v2\/users\/1"}],"replies":[{"embeddable":true,"href":"https:\/\/cammecanique.com\/en\/wp-json\/wp\/v2\/comments?post=229"}],"version-history":[{"count":7,"href":"https:\/\/cammecanique.com\/en\/wp-json\/wp\/v2\/pages\/229\/revisions"}],"predecessor-version":[{"id":1339,"href":"https:\/\/cammecanique.com\/en\/wp-json\/wp\/v2\/pages\/229\/revisions\/1339"}],"wp:featuredmedia":[{"embeddable":true,"href":"https:\/\/cammecanique.com\/en\/wp-json\/wp\/v2\/media\/1189"}],"wp:attachment":[{"href":"https:\/\/cammecanique.com\/en\/wp-json\/wp\/v2\/media?parent=229"}],"curies":[{"name":"wp","href":"https:\/\/api.w.org\/{rel}","templated":true}]}}