{"id":243,"date":"2024-07-18T15:35:21","date_gmt":"2024-07-18T19:35:21","guid":{"rendered":"https:\/\/cammecanique.com\/?page_id=243"},"modified":"2024-07-18T15:35:21","modified_gmt":"2024-07-18T19:35:21","slug":"243-2","status":"publish","type":"page","link":"https:\/\/cammecanique.com\/en\/services-english\/243-2\/","title":{"rendered":"Commercial"},"content":{"rendered":"<h1>Commercial<\/h1>\n<p>CAM M\u00e9canique\u2019s team has a keen understanding of commercial projects challenges.<\/p>\n<p>With us, \u2018\u2019Zero defect\u2019\u2019 is not just a slogan: it\u2019s our commitment.<\/p>\n<h2>Our key strengths?<\/h2>\n<ul>\n<li>Coordination<\/li>\n<li>Workshop design<\/li>\n<li>Effective follow-up<\/li>\n<li>Top-notch job<\/li>\n<li>Design-build conception<\/li>\n<li>Construction upon plans and specifications<\/li>\n<\/ul>\n<h2>A few examples of how we regularly contribute to the success of commercial projects:<\/h2>\n<ul>\n<li>Heavy critical lifts with complex logistics (Put us to the test: we really love it!)<\/li>\n<li>Central air system installations<\/li>\n<li>Integration design<\/li>\n<li>Design-build conception<\/li>\n<li>Construction upon plans and specifications<\/li>\n<li>Subcontractors management<\/li>\n<li>Set-to-work and commissioning<\/li>\n<li>Air exchangers, heat pumps, bathroom fans, hoods, gyms and garage ventilation, and so on.<\/li>\n<\/ul>\n<p>Also choose CAM M\u00e9canique for your preventive maintenance contracts: we take care of everything\u2026 and of you!<\/p>\n<h2>Discover a small business with broad experience<\/h2>\n<p><a href=\"?p=229\">Contact us<\/a> or add <strong>CAM M\u00e9canique<\/strong> to your invitation list to let us show you our know-how.<\/p>","protected":false},"excerpt":{"rendered":"<p>Commercial CAM M\u00e9canique\u2019s team has a keen understanding of commercial  [&#8230;]<\/p>","protected":false},"author":1,"featured_media":0,"parent":235,"menu_order":43,"comment_status":"closed","ping_status":"closed","template":"","meta":{"_acf_changed":false,"footnotes":""},"class_list":["post-243","page","type-page","status-publish","hentry"],"acf":[],"yoast_head":"<!-- This site is optimized with the Yoast SEO plugin v25.4 - https:\/\/yoast.com\/wordpress\/plugins\/seo\/ -->\n<title>Commercial - CAM M\u00e9canique<\/title>\n<meta name=\"robots\" content=\"index, follow, max-snippet:-1, max-image-preview:large, max-video-preview:-1\" \/>\n<link rel=\"canonical\" href=\"https:\/\/cammecanique.com\/en\/services-english\/243-2\/\" \/>\n<meta property=\"og:locale\" content=\"en_US\" \/>\n<meta property=\"og:type\" content=\"article\" \/>\n<meta property=\"og:title\" content=\"Commercial - CAM M\u00e9canique\" \/>\n<meta property=\"og:description\" content=\"Commercial CAM M\u00e9canique\u2019s team has a keen understanding of commercial [...]\" \/>\n<meta property=\"og:url\" content=\"https:\/\/cammecanique.com\/en\/services-english\/243-2\/\" \/>\n<meta property=\"og:site_name\" content=\"CAM M\u00e9canique\" \/>\n<meta property=\"article:publisher\" content=\"https:\/\/www.facebook.com\/cammecanique\/\" \/>\n<meta property=\"og:image\" content=\"https:\/\/cammecanique.com\/wp-content\/uploads\/2024\/07\/CAM-Mecanique-Yoast-Site.jpg\" \/>\n\t<meta property=\"og:image:width\" content=\"1200\" \/>\n\t<meta property=\"og:image:height\" content=\"675\" \/>\n\t<meta property=\"og:image:type\" content=\"image\/jpeg\" \/>\n<meta name=\"twitter:card\" content=\"summary_large_image\" \/>\n<meta name=\"twitter:label1\" content=\"Est. reading time\" \/>\n\t<meta name=\"twitter:data1\" content=\"1 minute\" \/>\n<script type=\"application\/ld+json\" class=\"yoast-schema-graph\">{\"@context\":\"https:\/\/schema.org\",\"@graph\":[{\"@type\":\"WebPage\",\"@id\":\"https:\/\/cammecanique.com\/services-english\/243-2\/\",\"url\":\"https:\/\/cammecanique.com\/services-english\/243-2\/\",\"name\":\"Commercial - CAM M\u00e9canique\",\"isPartOf\":{\"@id\":\"https:\/\/cammecanique.com\/#website\"},\"datePublished\":\"2024-07-18T19:35:21+00:00\",\"breadcrumb\":{\"@id\":\"https:\/\/cammecanique.com\/services-english\/243-2\/#breadcrumb\"},\"inLanguage\":\"en-CA\",\"potentialAction\":[{\"@type\":\"ReadAction\",\"target\":[\"https:\/\/cammecanique.com\/services-english\/243-2\/\"]}]},{\"@type\":\"BreadcrumbList\",\"@id\":\"https:\/\/cammecanique.com\/services-english\/243-2\/#breadcrumb\",\"itemListElement\":[{\"@type\":\"ListItem\",\"position\":1,\"name\":\"Accueil\",\"item\":\"https:\/\/cammecanique.com\/\"},{\"@type\":\"ListItem\",\"position\":2,\"name\":\"Services\",\"item\":\"https:\/\/cammecanique.com\/?page_id=235\"},{\"@type\":\"ListItem\",\"position\":3,\"name\":\"Commercial\"}]},{\"@type\":\"WebSite\",\"@id\":\"https:\/\/cammecanique.com\/#website\",\"url\":\"https:\/\/cammecanique.com\/\",\"name\":\"CAM M\u00e9canique\",\"description\":\"B\u00e2timent - Tuyauterie\",\"publisher\":{\"@id\":\"https:\/\/cammecanique.com\/#organization\"},\"alternateName\":\"CAM M\u00e9canique B\u00e2timent - Tuyauterie\",\"potentialAction\":[{\"@type\":\"SearchAction\",\"target\":{\"@type\":\"EntryPoint\",\"urlTemplate\":\"https:\/\/cammecanique.com\/?s={search_term_string}\"},\"query-input\":{\"@type\":\"PropertyValueSpecification\",\"valueRequired\":true,\"valueName\":\"search_term_string\"}}],\"inLanguage\":\"en-CA\"},{\"@type\":\"Organization\",\"@id\":\"https:\/\/cammecanique.com\/#organization\",\"name\":\"CAM M\u00e9canique\",\"alternateName\":\"CAM M\u00e9canique B\u00e2timent - Tuyauterie\",\"url\":\"https:\/\/cammecanique.com\/\",\"logo\":{\"@type\":\"ImageObject\",\"inLanguage\":\"en-CA\",\"@id\":\"https:\/\/cammecanique.com\/#\/schema\/logo\/image\/\",\"url\":\"https:\/\/cammecanique.com\/wp-content\/uploads\/2024\/06\/CAM-Mecanique-Logo-Yoast.png\",\"contentUrl\":\"https:\/\/cammecanique.com\/wp-content\/uploads\/2024\/06\/CAM-Mecanique-Logo-Yoast.png\",\"width\":696,\"height\":696,\"caption\":\"CAM M\u00e9canique\"},\"image\":{\"@id\":\"https:\/\/cammecanique.com\/#\/schema\/logo\/image\/\"},\"sameAs\":[\"https:\/\/www.facebook.com\/cammecanique\/\",\"https:\/\/www.linkedin.com\/company\/cam-mecanique-inc\/\"]}]}<\/script>\n<!-- \/ Yoast SEO plugin. -->","yoast_head_json":{"title":"Commercial - CAM M\u00e9canique","robots":{"index":"index","follow":"follow","max-snippet":"max-snippet:-1","max-image-preview":"max-image-preview:large","max-video-preview":"max-video-preview:-1"},"canonical":"https:\/\/cammecanique.com\/en\/services-english\/243-2\/","og_locale":"en_US","og_type":"article","og_title":"Commercial - CAM M\u00e9canique","og_description":"Commercial CAM M\u00e9canique\u2019s team has a keen understanding of commercial [...]","og_url":"https:\/\/cammecanique.com\/en\/services-english\/243-2\/","og_site_name":"CAM M\u00e9canique","article_publisher":"https:\/\/www.facebook.com\/cammecanique\/","og_image":[{"width":1200,"height":675,"url":"https:\/\/cammecanique.com\/wp-content\/uploads\/2024\/07\/CAM-Mecanique-Yoast-Site.jpg","type":"image\/jpeg"}],"twitter_card":"summary_large_image","twitter_misc":{"Est. reading time":"1 minute"},"schema":{"@context":"https:\/\/schema.org","@graph":[{"@type":"WebPage","@id":"https:\/\/cammecanique.com\/services-english\/243-2\/","url":"https:\/\/cammecanique.com\/services-english\/243-2\/","name":"Commercial - CAM M\u00e9canique","isPartOf":{"@id":"https:\/\/cammecanique.com\/#website"},"datePublished":"2024-07-18T19:35:21+00:00","breadcrumb":{"@id":"https:\/\/cammecanique.com\/services-english\/243-2\/#breadcrumb"},"inLanguage":"en-CA","potentialAction":[{"@type":"ReadAction","target":["https:\/\/cammecanique.com\/services-english\/243-2\/"]}]},{"@type":"BreadcrumbList","@id":"https:\/\/cammecanique.com\/services-english\/243-2\/#breadcrumb","itemListElement":[{"@type":"ListItem","position":1,"name":"Accueil","item":"https:\/\/cammecanique.com\/"},{"@type":"ListItem","position":2,"name":"Services","item":"https:\/\/cammecanique.com\/?page_id=235"},{"@type":"ListItem","position":3,"name":"Commercial"}]},{"@type":"WebSite","@id":"https:\/\/cammecanique.com\/#website","url":"https:\/\/cammecanique.com\/","name":"CAM M\u00e9canique","description":"B\u00e2timent - Tuyauterie","publisher":{"@id":"https:\/\/cammecanique.com\/#organization"},"alternateName":"CAM M\u00e9canique B\u00e2timent - Tuyauterie","potentialAction":[{"@type":"SearchAction","target":{"@type":"EntryPoint","urlTemplate":"https:\/\/cammecanique.com\/?s={search_term_string}"},"query-input":{"@type":"PropertyValueSpecification","valueRequired":true,"valueName":"search_term_string"}}],"inLanguage":"en-CA"},{"@type":"Organization","@id":"https:\/\/cammecanique.com\/#organization","name":"CAM M\u00e9canique","alternateName":"CAM M\u00e9canique B\u00e2timent - Tuyauterie","url":"https:\/\/cammecanique.com\/","logo":{"@type":"ImageObject","inLanguage":"en-CA","@id":"https:\/\/cammecanique.com\/#\/schema\/logo\/image\/","url":"https:\/\/cammecanique.com\/wp-content\/uploads\/2024\/06\/CAM-Mecanique-Logo-Yoast.png","contentUrl":"https:\/\/cammecanique.com\/wp-content\/uploads\/2024\/06\/CAM-Mecanique-Logo-Yoast.png","width":696,"height":696,"caption":"CAM M\u00e9canique"},"image":{"@id":"https:\/\/cammecanique.com\/#\/schema\/logo\/image\/"},"sameAs":["https:\/\/www.facebook.com\/cammecanique\/","https:\/\/www.linkedin.com\/company\/cam-mecanique-inc\/"]}]}},"_links":{"self":[{"href":"https:\/\/cammecanique.com\/en\/wp-json\/wp\/v2\/pages\/243","targetHints":{"allow":["GET"]}}],"collection":[{"href":"https:\/\/cammecanique.com\/en\/wp-json\/wp\/v2\/pages"}],"about":[{"href":"https:\/\/cammecanique.com\/en\/wp-json\/wp\/v2\/types\/page"}],"author":[{"embeddable":true,"href":"https:\/\/cammecanique.com\/en\/wp-json\/wp\/v2\/users\/1"}],"replies":[{"embeddable":true,"href":"https:\/\/cammecanique.com\/en\/wp-json\/wp\/v2\/comments?post=243"}],"version-history":[{"count":7,"href":"https:\/\/cammecanique.com\/en\/wp-json\/wp\/v2\/pages\/243\/revisions"}],"predecessor-version":[{"id":408,"href":"https:\/\/cammecanique.com\/en\/wp-json\/wp\/v2\/pages\/243\/revisions\/408"}],"up":[{"embeddable":true,"href":"https:\/\/cammecanique.com\/en\/wp-json\/wp\/v2\/pages\/235"}],"wp:attachment":[{"href":"https:\/\/cammecanique.com\/en\/wp-json\/wp\/v2\/media?parent=243"}],"curies":[{"name":"wp","href":"https:\/\/api.w.org\/{rel}","templated":true}]}}