{"id":254,"date":"2024-07-18T15:35:21","date_gmt":"2024-07-18T19:35:21","guid":{"rendered":"https:\/\/cammecanique.com\/?page_id=254"},"modified":"2024-07-18T15:35:21","modified_gmt":"2024-07-18T19:35:21","slug":"residential","status":"publish","type":"page","link":"https:\/\/cammecanique.com\/en\/services-english\/residential\/","title":{"rendered":"Residential"},"content":{"rendered":"<h1>Residential<\/h1>\n<p><b>You want fresh air, at the right temperature, throughout your home, at all times?<\/b> CAM M\u00e9canique\u2019s team of experts is here to <b>understand your needs<\/b>, <b>advise<\/b> you on the best solutions for <b>quality<\/b> you deserve and your <b>budget<\/b>, and do a <b>neat work<\/b>. (Furthermore, we\u2019re likeable!)<\/p>\n<p>We spend 90% of our time indoors1\u2026 Moisture, pollutants, poor ventilation and neglected ducts in our homes can cause health problems. To stay in shape and to avoid the discomfort of incorrect temperature, you better be safe than sorry and call on ventilation specialists!<\/p>\n<p><b>With CAM M\u00e9canique, you can count on sound advice, quality, quickness and a top-notch job.<\/b><\/p>\n<h2>Here are a few examples of our specialities for your home:<\/h2>\n<ul>\n<li>Central heating and cooling system<\/li>\n<li>Air exchangers<\/li>\n<li>Heat pump<\/li>\n<li>Multi-split air conditioner (ductless)<\/li>\n<li>Condenser<\/li>\n<li>Blowing system<\/li>\n<li>Bathroom fan<\/li>\n<li>Hood<\/li>\n<li>Ventilation of specific rooms (gym, garage, and so on)<\/li>\n<li>Thermostats controled by your mobile phone and programmable thermostats<\/li>\n<li>Preventive maintenance<\/li>\n<li>Design-build conception according to your own context<\/li>\n<li>Construction upon plans<\/li>\n<li>Problem-solving!<\/li>\n<\/ul>\n<p>You have a specific product or brand in mind? We do business with every manufacturer offering quality products.<\/p>\n<p>Just like you, we\u2019re always looking for a good price-quality ratio. That\u2019s why we are dealers of Ameristar products: good quality and 10 years warranty!<\/p>\n<p>If you feel lost with SEER, HRV, ERV, BTU\/hr, decibels, warranties, heat pumps, central systems and specialized terms?<\/p>\n<p>Let us explain all of that clearly, with an honest advice on the best solutions for you, your family, your context and your budget!<\/p>\n<p>Don\u2019t wait it\u2019s too hot or too cold in your home: call us today!<\/p>\n<h6>1. Source: Sant\u00e9 Canada<br \/>\n(<a href=\"https:\/\/www.canada.ca\/en\/health-canada\/services\/publications\/healthy-living\/ventilation-indoor-environment.html\" target=\"_blank\" rel=\"noopener noreferrer\">https:\/\/www.canada.ca\/en\/health-canada\/services\/publications\/healthy-living\/ventilation-indoor-environment.html<\/a>)<\/h6>","protected":false},"excerpt":{"rendered":"<p>Residential You want fresh air, at the right temperature, throughout  [&#8230;]<\/p>","protected":false},"author":1,"featured_media":0,"parent":235,"menu_order":42,"comment_status":"closed","ping_status":"closed","template":"","meta":{"_acf_changed":false,"footnotes":""},"class_list":["post-254","page","type-page","status-publish","hentry"],"acf":[],"yoast_head":"<!-- This site is optimized with the Yoast SEO plugin v25.4 - https:\/\/yoast.com\/wordpress\/plugins\/seo\/ -->\n<title>Residential - CAM M\u00e9canique<\/title>\n<meta name=\"robots\" content=\"index, follow, max-snippet:-1, max-image-preview:large, max-video-preview:-1\" \/>\n<link rel=\"canonical\" href=\"https:\/\/cammecanique.com\/en\/services-english\/residential\/\" \/>\n<meta property=\"og:locale\" content=\"en_US\" \/>\n<meta property=\"og:type\" content=\"article\" \/>\n<meta property=\"og:title\" content=\"Residential - CAM M\u00e9canique\" \/>\n<meta property=\"og:description\" content=\"Residential You want fresh air, at the right temperature, throughout [...]\" \/>\n<meta property=\"og:url\" content=\"https:\/\/cammecanique.com\/en\/services-english\/residential\/\" \/>\n<meta property=\"og:site_name\" content=\"CAM M\u00e9canique\" \/>\n<meta property=\"article:publisher\" content=\"https:\/\/www.facebook.com\/cammecanique\/\" \/>\n<meta property=\"og:image\" content=\"https:\/\/cammecanique.com\/wp-content\/uploads\/2024\/07\/CAM-Mecanique-Yoast-Site.jpg\" \/>\n\t<meta property=\"og:image:width\" content=\"1200\" \/>\n\t<meta property=\"og:image:height\" content=\"675\" \/>\n\t<meta property=\"og:image:type\" content=\"image\/jpeg\" \/>\n<meta name=\"twitter:card\" content=\"summary_large_image\" \/>\n<meta name=\"twitter:label1\" content=\"Est. reading time\" \/>\n\t<meta name=\"twitter:data1\" content=\"1 minute\" \/>\n<script type=\"application\/ld+json\" class=\"yoast-schema-graph\">{\"@context\":\"https:\/\/schema.org\",\"@graph\":[{\"@type\":\"WebPage\",\"@id\":\"https:\/\/cammecanique.com\/services-english\/residential\/\",\"url\":\"https:\/\/cammecanique.com\/services-english\/residential\/\",\"name\":\"Residential - CAM M\u00e9canique\",\"isPartOf\":{\"@id\":\"https:\/\/cammecanique.com\/#website\"},\"datePublished\":\"2024-07-18T19:35:21+00:00\",\"breadcrumb\":{\"@id\":\"https:\/\/cammecanique.com\/services-english\/residential\/#breadcrumb\"},\"inLanguage\":\"en-CA\",\"potentialAction\":[{\"@type\":\"ReadAction\",\"target\":[\"https:\/\/cammecanique.com\/services-english\/residential\/\"]}]},{\"@type\":\"BreadcrumbList\",\"@id\":\"https:\/\/cammecanique.com\/services-english\/residential\/#breadcrumb\",\"itemListElement\":[{\"@type\":\"ListItem\",\"position\":1,\"name\":\"Accueil\",\"item\":\"https:\/\/cammecanique.com\/\"},{\"@type\":\"ListItem\",\"position\":2,\"name\":\"Services\",\"item\":\"https:\/\/cammecanique.com\/?page_id=235\"},{\"@type\":\"ListItem\",\"position\":3,\"name\":\"Residential\"}]},{\"@type\":\"WebSite\",\"@id\":\"https:\/\/cammecanique.com\/#website\",\"url\":\"https:\/\/cammecanique.com\/\",\"name\":\"CAM M\u00e9canique\",\"description\":\"B\u00e2timent - Tuyauterie\",\"publisher\":{\"@id\":\"https:\/\/cammecanique.com\/#organization\"},\"alternateName\":\"CAM M\u00e9canique B\u00e2timent - Tuyauterie\",\"potentialAction\":[{\"@type\":\"SearchAction\",\"target\":{\"@type\":\"EntryPoint\",\"urlTemplate\":\"https:\/\/cammecanique.com\/?s={search_term_string}\"},\"query-input\":{\"@type\":\"PropertyValueSpecification\",\"valueRequired\":true,\"valueName\":\"search_term_string\"}}],\"inLanguage\":\"en-CA\"},{\"@type\":\"Organization\",\"@id\":\"https:\/\/cammecanique.com\/#organization\",\"name\":\"CAM M\u00e9canique\",\"alternateName\":\"CAM M\u00e9canique B\u00e2timent - Tuyauterie\",\"url\":\"https:\/\/cammecanique.com\/\",\"logo\":{\"@type\":\"ImageObject\",\"inLanguage\":\"en-CA\",\"@id\":\"https:\/\/cammecanique.com\/#\/schema\/logo\/image\/\",\"url\":\"https:\/\/cammecanique.com\/wp-content\/uploads\/2024\/06\/CAM-Mecanique-Logo-Yoast.png\",\"contentUrl\":\"https:\/\/cammecanique.com\/wp-content\/uploads\/2024\/06\/CAM-Mecanique-Logo-Yoast.png\",\"width\":696,\"height\":696,\"caption\":\"CAM M\u00e9canique\"},\"image\":{\"@id\":\"https:\/\/cammecanique.com\/#\/schema\/logo\/image\/\"},\"sameAs\":[\"https:\/\/www.facebook.com\/cammecanique\/\",\"https:\/\/www.linkedin.com\/company\/cam-mecanique-inc\/\"]}]}<\/script>\n<!-- \/ Yoast SEO plugin. -->","yoast_head_json":{"title":"Residential - CAM M\u00e9canique","robots":{"index":"index","follow":"follow","max-snippet":"max-snippet:-1","max-image-preview":"max-image-preview:large","max-video-preview":"max-video-preview:-1"},"canonical":"https:\/\/cammecanique.com\/en\/services-english\/residential\/","og_locale":"en_US","og_type":"article","og_title":"Residential - CAM M\u00e9canique","og_description":"Residential You want fresh air, at the right temperature, throughout [...]","og_url":"https:\/\/cammecanique.com\/en\/services-english\/residential\/","og_site_name":"CAM M\u00e9canique","article_publisher":"https:\/\/www.facebook.com\/cammecanique\/","og_image":[{"width":1200,"height":675,"url":"https:\/\/cammecanique.com\/wp-content\/uploads\/2024\/07\/CAM-Mecanique-Yoast-Site.jpg","type":"image\/jpeg"}],"twitter_card":"summary_large_image","twitter_misc":{"Est. reading time":"1 minute"},"schema":{"@context":"https:\/\/schema.org","@graph":[{"@type":"WebPage","@id":"https:\/\/cammecanique.com\/services-english\/residential\/","url":"https:\/\/cammecanique.com\/services-english\/residential\/","name":"Residential - CAM M\u00e9canique","isPartOf":{"@id":"https:\/\/cammecanique.com\/#website"},"datePublished":"2024-07-18T19:35:21+00:00","breadcrumb":{"@id":"https:\/\/cammecanique.com\/services-english\/residential\/#breadcrumb"},"inLanguage":"en-CA","potentialAction":[{"@type":"ReadAction","target":["https:\/\/cammecanique.com\/services-english\/residential\/"]}]},{"@type":"BreadcrumbList","@id":"https:\/\/cammecanique.com\/services-english\/residential\/#breadcrumb","itemListElement":[{"@type":"ListItem","position":1,"name":"Accueil","item":"https:\/\/cammecanique.com\/"},{"@type":"ListItem","position":2,"name":"Services","item":"https:\/\/cammecanique.com\/?page_id=235"},{"@type":"ListItem","position":3,"name":"Residential"}]},{"@type":"WebSite","@id":"https:\/\/cammecanique.com\/#website","url":"https:\/\/cammecanique.com\/","name":"CAM M\u00e9canique","description":"B\u00e2timent - Tuyauterie","publisher":{"@id":"https:\/\/cammecanique.com\/#organization"},"alternateName":"CAM M\u00e9canique B\u00e2timent - Tuyauterie","potentialAction":[{"@type":"SearchAction","target":{"@type":"EntryPoint","urlTemplate":"https:\/\/cammecanique.com\/?s={search_term_string}"},"query-input":{"@type":"PropertyValueSpecification","valueRequired":true,"valueName":"search_term_string"}}],"inLanguage":"en-CA"},{"@type":"Organization","@id":"https:\/\/cammecanique.com\/#organization","name":"CAM M\u00e9canique","alternateName":"CAM M\u00e9canique B\u00e2timent - Tuyauterie","url":"https:\/\/cammecanique.com\/","logo":{"@type":"ImageObject","inLanguage":"en-CA","@id":"https:\/\/cammecanique.com\/#\/schema\/logo\/image\/","url":"https:\/\/cammecanique.com\/wp-content\/uploads\/2024\/06\/CAM-Mecanique-Logo-Yoast.png","contentUrl":"https:\/\/cammecanique.com\/wp-content\/uploads\/2024\/06\/CAM-Mecanique-Logo-Yoast.png","width":696,"height":696,"caption":"CAM M\u00e9canique"},"image":{"@id":"https:\/\/cammecanique.com\/#\/schema\/logo\/image\/"},"sameAs":["https:\/\/www.facebook.com\/cammecanique\/","https:\/\/www.linkedin.com\/company\/cam-mecanique-inc\/"]}]}},"_links":{"self":[{"href":"https:\/\/cammecanique.com\/en\/wp-json\/wp\/v2\/pages\/254","targetHints":{"allow":["GET"]}}],"collection":[{"href":"https:\/\/cammecanique.com\/en\/wp-json\/wp\/v2\/pages"}],"about":[{"href":"https:\/\/cammecanique.com\/en\/wp-json\/wp\/v2\/types\/page"}],"author":[{"embeddable":true,"href":"https:\/\/cammecanique.com\/en\/wp-json\/wp\/v2\/users\/1"}],"replies":[{"embeddable":true,"href":"https:\/\/cammecanique.com\/en\/wp-json\/wp\/v2\/comments?post=254"}],"version-history":[{"count":5,"href":"https:\/\/cammecanique.com\/en\/wp-json\/wp\/v2\/pages\/254\/revisions"}],"predecessor-version":[{"id":259,"href":"https:\/\/cammecanique.com\/en\/wp-json\/wp\/v2\/pages\/254\/revisions\/259"}],"up":[{"embeddable":true,"href":"https:\/\/cammecanique.com\/en\/wp-json\/wp\/v2\/pages\/235"}],"wp:attachment":[{"href":"https:\/\/cammecanique.com\/en\/wp-json\/wp\/v2\/media?parent=254"}],"curies":[{"name":"wp","href":"https:\/\/api.w.org\/{rel}","templated":true}]}}