{"id":526,"date":"2024-07-18T15:35:21","date_gmt":"2024-07-18T19:35:21","guid":{"rendered":"https:\/\/cammecanique.com\/?page_id=526"},"modified":"2024-07-18T15:35:21","modified_gmt":"2024-07-18T19:35:21","slug":"refrigeration-2","status":"publish","type":"page","link":"https:\/\/cammecanique.com\/en\/refrigeration-2\/","title":{"rendered":"Refrigeration"},"content":{"rendered":"<h1>CAM M\u00e9canique R\u00e9frig\u00e9ration : une expertise indispensable et fiable !<\/h1>\n<p>L\u2019\u00e9quipe de CAM M\u00e9canique R\u00e9frig\u00e9ration est \u00e0 votre service pour vos <strong>projets de climatisation<\/strong>, <strong>r\u00e9frig\u00e9ration<\/strong>, <b>de contr\u00f4les et de mises en marche de tous les types d\u2019unit\u00e9s de<\/b> <strong>ventilation<\/strong>. Elle vous offre \u00e9galement l\u2019entretien pr\u00e9ventif de vos appareils par le biais de <strong>contrats de service avantageux<\/strong>. Un service d\u2019appels d\u2019urgence 24 heures \/ 24 \u2013 7 jours \/ 7 vous est aussi offert.<\/p>\n<h2>Les expertises de CAM M\u00e9canique R\u00e9frig\u00e9ration sont multiples et vari\u00e9es :<\/h2>\n<p>&#8211; Immeubles multi-r\u00e9sidentiels<br \/>\n&#8211; Commerces<br \/>\n&#8211; R\u00e9sidences priv\u00e9es<br \/>\n&#8211; B\u00e2timents gouvernementaux<br \/>\n&#8211; Salles informatiques<br \/>\n&#8211; Chambres froides<\/p>\n<h2>Contactez-nous !<\/h2>\n<p>T\u00e9l\u00e9phone : <a href=\"tel:450 241-1410\">450 241-1410<\/a><br \/>\n101, rue Omer-Deserres, suite 101<br \/>\nBlainville, Qu\u00e9bec<br \/>\nJ7C 0C9<\/p>\n<p>RBQ : 5782-2231-01<\/p>","protected":false},"excerpt":{"rendered":"<p>CAM M\u00e9canique R\u00e9frig\u00e9ration : une expertise indispensable et fiable !  [&#8230;]<\/p>","protected":false},"author":1,"featured_media":1192,"parent":0,"menu_order":22,"comment_status":"closed","ping_status":"closed","template":"","meta":{"_acf_changed":false,"footnotes":""},"class_list":["post-526","page","type-page","status-publish","has-post-thumbnail","hentry"],"acf":[],"yoast_head":"<!-- This site is optimized with the Yoast SEO plugin v25.4 - https:\/\/yoast.com\/wordpress\/plugins\/seo\/ -->\n<title>Refrigeration - CAM M\u00e9canique<\/title>\n<meta name=\"robots\" content=\"index, follow, max-snippet:-1, max-image-preview:large, max-video-preview:-1\" \/>\n<link rel=\"canonical\" href=\"https:\/\/cammecanique.com\/en\/refrigeration-2\/\" \/>\n<meta property=\"og:locale\" content=\"en_US\" \/>\n<meta property=\"og:type\" content=\"article\" \/>\n<meta property=\"og:title\" content=\"Refrigeration - CAM M\u00e9canique\" \/>\n<meta property=\"og:description\" content=\"CAM M\u00e9canique R\u00e9frig\u00e9ration : une expertise indispensable et fiable ! [...]\" \/>\n<meta property=\"og:url\" content=\"https:\/\/cammecanique.com\/en\/refrigeration-2\/\" \/>\n<meta property=\"og:site_name\" content=\"CAM M\u00e9canique\" \/>\n<meta property=\"article:publisher\" content=\"https:\/\/www.facebook.com\/cammecanique\/\" \/>\n<meta property=\"og:image\" content=\"https:\/\/cammecanique.com\/wp-content\/uploads\/2022\/02\/refrigeration.jpg\" \/>\n\t<meta property=\"og:image:width\" content=\"2000\" \/>\n\t<meta property=\"og:image:height\" content=\"350\" \/>\n\t<meta property=\"og:image:type\" content=\"image\/jpeg\" \/>\n<meta name=\"twitter:card\" content=\"summary_large_image\" \/>\n<meta name=\"twitter:label1\" content=\"Est. reading time\" \/>\n\t<meta name=\"twitter:data1\" content=\"1 minute\" \/>\n<script type=\"application\/ld+json\" class=\"yoast-schema-graph\">{\"@context\":\"https:\/\/schema.org\",\"@graph\":[{\"@type\":\"WebPage\",\"@id\":\"https:\/\/cammecanique.com\/refrigeration-2\/\",\"url\":\"https:\/\/cammecanique.com\/refrigeration-2\/\",\"name\":\"Refrigeration - CAM M\u00e9canique\",\"isPartOf\":{\"@id\":\"https:\/\/cammecanique.com\/#website\"},\"primaryImageOfPage\":{\"@id\":\"https:\/\/cammecanique.com\/refrigeration-2\/#primaryimage\"},\"image\":{\"@id\":\"https:\/\/cammecanique.com\/refrigeration-2\/#primaryimage\"},\"thumbnailUrl\":\"https:\/\/cammecanique.com\/wp-content\/uploads\/2022\/02\/refrigeration.jpg\",\"datePublished\":\"2024-07-18T19:35:21+00:00\",\"breadcrumb\":{\"@id\":\"https:\/\/cammecanique.com\/refrigeration-2\/#breadcrumb\"},\"inLanguage\":\"en-CA\",\"potentialAction\":[{\"@type\":\"ReadAction\",\"target\":[\"https:\/\/cammecanique.com\/refrigeration-2\/\"]}]},{\"@type\":\"ImageObject\",\"inLanguage\":\"en-CA\",\"@id\":\"https:\/\/cammecanique.com\/refrigeration-2\/#primaryimage\",\"url\":\"https:\/\/cammecanique.com\/wp-content\/uploads\/2022\/02\/refrigeration.jpg\",\"contentUrl\":\"https:\/\/cammecanique.com\/wp-content\/uploads\/2022\/02\/refrigeration.jpg\",\"width\":2000,\"height\":350},{\"@type\":\"BreadcrumbList\",\"@id\":\"https:\/\/cammecanique.com\/refrigeration-2\/#breadcrumb\",\"itemListElement\":[{\"@type\":\"ListItem\",\"position\":1,\"name\":\"Accueil\",\"item\":\"https:\/\/cammecanique.com\/\"},{\"@type\":\"ListItem\",\"position\":2,\"name\":\"Refrigeration\"}]},{\"@type\":\"WebSite\",\"@id\":\"https:\/\/cammecanique.com\/#website\",\"url\":\"https:\/\/cammecanique.com\/\",\"name\":\"CAM M\u00e9canique\",\"description\":\"B\u00e2timent - Tuyauterie\",\"publisher\":{\"@id\":\"https:\/\/cammecanique.com\/#organization\"},\"alternateName\":\"CAM M\u00e9canique B\u00e2timent - Tuyauterie\",\"potentialAction\":[{\"@type\":\"SearchAction\",\"target\":{\"@type\":\"EntryPoint\",\"urlTemplate\":\"https:\/\/cammecanique.com\/?s={search_term_string}\"},\"query-input\":{\"@type\":\"PropertyValueSpecification\",\"valueRequired\":true,\"valueName\":\"search_term_string\"}}],\"inLanguage\":\"en-CA\"},{\"@type\":\"Organization\",\"@id\":\"https:\/\/cammecanique.com\/#organization\",\"name\":\"CAM M\u00e9canique\",\"alternateName\":\"CAM M\u00e9canique B\u00e2timent - Tuyauterie\",\"url\":\"https:\/\/cammecanique.com\/\",\"logo\":{\"@type\":\"ImageObject\",\"inLanguage\":\"en-CA\",\"@id\":\"https:\/\/cammecanique.com\/#\/schema\/logo\/image\/\",\"url\":\"https:\/\/cammecanique.com\/wp-content\/uploads\/2024\/06\/CAM-Mecanique-Logo-Yoast.png\",\"contentUrl\":\"https:\/\/cammecanique.com\/wp-content\/uploads\/2024\/06\/CAM-Mecanique-Logo-Yoast.png\",\"width\":696,\"height\":696,\"caption\":\"CAM M\u00e9canique\"},\"image\":{\"@id\":\"https:\/\/cammecanique.com\/#\/schema\/logo\/image\/\"},\"sameAs\":[\"https:\/\/www.facebook.com\/cammecanique\/\",\"https:\/\/www.linkedin.com\/company\/cam-mecanique-inc\/\"]}]}<\/script>\n<!-- \/ Yoast SEO plugin. -->","yoast_head_json":{"title":"Refrigeration - CAM M\u00e9canique","robots":{"index":"index","follow":"follow","max-snippet":"max-snippet:-1","max-image-preview":"max-image-preview:large","max-video-preview":"max-video-preview:-1"},"canonical":"https:\/\/cammecanique.com\/en\/refrigeration-2\/","og_locale":"en_US","og_type":"article","og_title":"Refrigeration - CAM M\u00e9canique","og_description":"CAM M\u00e9canique R\u00e9frig\u00e9ration : une expertise indispensable et fiable ! [...]","og_url":"https:\/\/cammecanique.com\/en\/refrigeration-2\/","og_site_name":"CAM M\u00e9canique","article_publisher":"https:\/\/www.facebook.com\/cammecanique\/","og_image":[{"width":2000,"height":350,"url":"https:\/\/cammecanique.com\/wp-content\/uploads\/2022\/02\/refrigeration.jpg","type":"image\/jpeg"}],"twitter_card":"summary_large_image","twitter_misc":{"Est. reading time":"1 minute"},"schema":{"@context":"https:\/\/schema.org","@graph":[{"@type":"WebPage","@id":"https:\/\/cammecanique.com\/refrigeration-2\/","url":"https:\/\/cammecanique.com\/refrigeration-2\/","name":"Refrigeration - CAM M\u00e9canique","isPartOf":{"@id":"https:\/\/cammecanique.com\/#website"},"primaryImageOfPage":{"@id":"https:\/\/cammecanique.com\/refrigeration-2\/#primaryimage"},"image":{"@id":"https:\/\/cammecanique.com\/refrigeration-2\/#primaryimage"},"thumbnailUrl":"https:\/\/cammecanique.com\/wp-content\/uploads\/2022\/02\/refrigeration.jpg","datePublished":"2024-07-18T19:35:21+00:00","breadcrumb":{"@id":"https:\/\/cammecanique.com\/refrigeration-2\/#breadcrumb"},"inLanguage":"en-CA","potentialAction":[{"@type":"ReadAction","target":["https:\/\/cammecanique.com\/refrigeration-2\/"]}]},{"@type":"ImageObject","inLanguage":"en-CA","@id":"https:\/\/cammecanique.com\/refrigeration-2\/#primaryimage","url":"https:\/\/cammecanique.com\/wp-content\/uploads\/2022\/02\/refrigeration.jpg","contentUrl":"https:\/\/cammecanique.com\/wp-content\/uploads\/2022\/02\/refrigeration.jpg","width":2000,"height":350},{"@type":"BreadcrumbList","@id":"https:\/\/cammecanique.com\/refrigeration-2\/#breadcrumb","itemListElement":[{"@type":"ListItem","position":1,"name":"Accueil","item":"https:\/\/cammecanique.com\/"},{"@type":"ListItem","position":2,"name":"Refrigeration"}]},{"@type":"WebSite","@id":"https:\/\/cammecanique.com\/#website","url":"https:\/\/cammecanique.com\/","name":"CAM M\u00e9canique","description":"B\u00e2timent - Tuyauterie","publisher":{"@id":"https:\/\/cammecanique.com\/#organization"},"alternateName":"CAM M\u00e9canique B\u00e2timent - Tuyauterie","potentialAction":[{"@type":"SearchAction","target":{"@type":"EntryPoint","urlTemplate":"https:\/\/cammecanique.com\/?s={search_term_string}"},"query-input":{"@type":"PropertyValueSpecification","valueRequired":true,"valueName":"search_term_string"}}],"inLanguage":"en-CA"},{"@type":"Organization","@id":"https:\/\/cammecanique.com\/#organization","name":"CAM M\u00e9canique","alternateName":"CAM M\u00e9canique B\u00e2timent - Tuyauterie","url":"https:\/\/cammecanique.com\/","logo":{"@type":"ImageObject","inLanguage":"en-CA","@id":"https:\/\/cammecanique.com\/#\/schema\/logo\/image\/","url":"https:\/\/cammecanique.com\/wp-content\/uploads\/2024\/06\/CAM-Mecanique-Logo-Yoast.png","contentUrl":"https:\/\/cammecanique.com\/wp-content\/uploads\/2024\/06\/CAM-Mecanique-Logo-Yoast.png","width":696,"height":696,"caption":"CAM M\u00e9canique"},"image":{"@id":"https:\/\/cammecanique.com\/#\/schema\/logo\/image\/"},"sameAs":["https:\/\/www.facebook.com\/cammecanique\/","https:\/\/www.linkedin.com\/company\/cam-mecanique-inc\/"]}]}},"_links":{"self":[{"href":"https:\/\/cammecanique.com\/en\/wp-json\/wp\/v2\/pages\/526","targetHints":{"allow":["GET"]}}],"collection":[{"href":"https:\/\/cammecanique.com\/en\/wp-json\/wp\/v2\/pages"}],"about":[{"href":"https:\/\/cammecanique.com\/en\/wp-json\/wp\/v2\/types\/page"}],"author":[{"embeddable":true,"href":"https:\/\/cammecanique.com\/en\/wp-json\/wp\/v2\/users\/1"}],"replies":[{"embeddable":true,"href":"https:\/\/cammecanique.com\/en\/wp-json\/wp\/v2\/comments?post=526"}],"version-history":[{"count":4,"href":"https:\/\/cammecanique.com\/en\/wp-json\/wp\/v2\/pages\/526\/revisions"}],"predecessor-version":[{"id":1205,"href":"https:\/\/cammecanique.com\/en\/wp-json\/wp\/v2\/pages\/526\/revisions\/1205"}],"wp:featuredmedia":[{"embeddable":true,"href":"https:\/\/cammecanique.com\/en\/wp-json\/wp\/v2\/media\/1192"}],"wp:attachment":[{"href":"https:\/\/cammecanique.com\/en\/wp-json\/wp\/v2\/media?parent=526"}],"curies":[{"name":"wp","href":"https:\/\/api.w.org\/{rel}","templated":true}]}}