{"id":76,"date":"2024-07-18T15:35:21","date_gmt":"2024-07-18T19:35:21","guid":{"rendered":"http:\/\/localhost\/cam\/?page_id=76"},"modified":"2024-07-18T15:35:21","modified_gmt":"2024-07-18T19:35:21","slug":"multiresidentiel","status":"publish","type":"page","link":"https:\/\/cammecanique.com\/en\/services\/multiresidentiel\/","title":{"rendered":"Multi-residential"},"content":{"rendered":"<h1>Multi-residential<\/h1>\n<p>CAM M\u00e9canique comprend bien les exigences d\u2019un projet multir\u00e9sidentiel.<\/p>\n<p>Chez nous, \u00ab z\u00e9ro d\u00e9ficience \u00bb est plus qu\u2019un slogan : c\u2019est notre engagement.<\/p>\n<h2>Nos principales forces?<\/h2>\n<p>Le dessin d\u2019int\u00e9gration, la coordination et la rapidit\u00e9 d\u2019ex\u00e9cution<\/p>\n<h2 class=\"h2-petit\">Quelques exemples de nos contributions fr\u00e9quentes \u00e0 des projets multir\u00e9sidentiels :<\/h2>\n<ul>\n<li>\u00c9changeurs d\u2019air<\/li>\n<li>Thermopompes<\/li>\n<li>Ventilateurs de salles de bains<\/li>\n<li>Ventilateurs de s\u00e9cheuses et filtres \u00e0 charpie<\/li>\n<li>Hottes<\/li>\n<li>Ventilation des gymnases et des garages<\/li>\n<li>And much more!<\/li>\n<\/ul>\n<h2>Discover a small business with broad experience<\/h2>\n<p><a href=\"?p=30\">Contact Us<\/a> ou inscrivez <strong>CAM M\u00e9canique<\/strong> \u00e0 votre liste d\u2019invitation pour que nous puissions vous d\u00e9montrer notre savoir-faire.<\/p>","protected":false},"excerpt":{"rendered":"<p>Multir\u00e9sidentiel CAM M\u00e9canique comprend bien les exigences d\u2019un projet multir\u00e9sidentiel.  [&#8230;]<\/p>","protected":false},"author":1,"featured_media":0,"parent":20,"menu_order":47,"comment_status":"closed","ping_status":"closed","template":"","meta":{"_acf_changed":false,"footnotes":""},"class_list":["post-76","page","type-page","status-publish","hentry"],"acf":[],"yoast_head":"<!-- This site is optimized with the Yoast SEO plugin v25.4 - https:\/\/yoast.com\/wordpress\/plugins\/seo\/ -->\n<title>Multir\u00e9sidentiel - CAM M\u00e9canique<\/title>\n<meta name=\"robots\" content=\"index, follow, max-snippet:-1, max-image-preview:large, max-video-preview:-1\" \/>\n<link rel=\"canonical\" href=\"https:\/\/cammecanique.com\/en\/services\/multiresidentiel\/\" \/>\n<meta property=\"og:locale\" content=\"en_US\" \/>\n<meta property=\"og:type\" content=\"article\" \/>\n<meta property=\"og:title\" content=\"Multir\u00e9sidentiel - CAM M\u00e9canique\" \/>\n<meta property=\"og:description\" content=\"Multir\u00e9sidentiel CAM M\u00e9canique comprend bien les exigences d\u2019un projet multir\u00e9sidentiel. [...]\" \/>\n<meta property=\"og:url\" content=\"https:\/\/cammecanique.com\/en\/services\/multiresidentiel\/\" \/>\n<meta property=\"og:site_name\" content=\"CAM M\u00e9canique\" \/>\n<meta property=\"article:publisher\" content=\"https:\/\/www.facebook.com\/cammecanique\/\" \/>\n<meta property=\"og:image\" content=\"https:\/\/cammecanique.com\/wp-content\/uploads\/2024\/07\/CAM-Mecanique-Yoast-Site.jpg\" \/>\n\t<meta property=\"og:image:width\" content=\"1200\" \/>\n\t<meta property=\"og:image:height\" content=\"675\" \/>\n\t<meta property=\"og:image:type\" content=\"image\/jpeg\" \/>\n<meta name=\"twitter:card\" content=\"summary_large_image\" \/>\n<meta name=\"twitter:label1\" content=\"Est. reading time\" \/>\n\t<meta name=\"twitter:data1\" content=\"1 minute\" \/>\n<script type=\"application\/ld+json\" class=\"yoast-schema-graph\">{\"@context\":\"https:\/\/schema.org\",\"@graph\":[{\"@type\":\"WebPage\",\"@id\":\"https:\/\/cammecanique.com\/services\/multiresidentiel\/\",\"url\":\"https:\/\/cammecanique.com\/services\/multiresidentiel\/\",\"name\":\"Multir\u00e9sidentiel - CAM M\u00e9canique\",\"isPartOf\":{\"@id\":\"https:\/\/cammecanique.com\/#website\"},\"datePublished\":\"2024-07-18T19:35:21+00:00\",\"breadcrumb\":{\"@id\":\"https:\/\/cammecanique.com\/services\/multiresidentiel\/#breadcrumb\"},\"inLanguage\":\"en-CA\",\"potentialAction\":[{\"@type\":\"ReadAction\",\"target\":[\"https:\/\/cammecanique.com\/services\/multiresidentiel\/\"]}]},{\"@type\":\"BreadcrumbList\",\"@id\":\"https:\/\/cammecanique.com\/services\/multiresidentiel\/#breadcrumb\",\"itemListElement\":[{\"@type\":\"ListItem\",\"position\":1,\"name\":\"Accueil\",\"item\":\"https:\/\/cammecanique.com\/\"},{\"@type\":\"ListItem\",\"position\":2,\"name\":\"Services\",\"item\":\"https:\/\/cammecanique.com\/services\/\"},{\"@type\":\"ListItem\",\"position\":3,\"name\":\"Multir\u00e9sidentiel\"}]},{\"@type\":\"WebSite\",\"@id\":\"https:\/\/cammecanique.com\/#website\",\"url\":\"https:\/\/cammecanique.com\/\",\"name\":\"CAM M\u00e9canique\",\"description\":\"B\u00e2timent - Tuyauterie\",\"publisher\":{\"@id\":\"https:\/\/cammecanique.com\/#organization\"},\"alternateName\":\"CAM M\u00e9canique B\u00e2timent - Tuyauterie\",\"potentialAction\":[{\"@type\":\"SearchAction\",\"target\":{\"@type\":\"EntryPoint\",\"urlTemplate\":\"https:\/\/cammecanique.com\/?s={search_term_string}\"},\"query-input\":{\"@type\":\"PropertyValueSpecification\",\"valueRequired\":true,\"valueName\":\"search_term_string\"}}],\"inLanguage\":\"en-CA\"},{\"@type\":\"Organization\",\"@id\":\"https:\/\/cammecanique.com\/#organization\",\"name\":\"CAM M\u00e9canique\",\"alternateName\":\"CAM M\u00e9canique B\u00e2timent - Tuyauterie\",\"url\":\"https:\/\/cammecanique.com\/\",\"logo\":{\"@type\":\"ImageObject\",\"inLanguage\":\"en-CA\",\"@id\":\"https:\/\/cammecanique.com\/#\/schema\/logo\/image\/\",\"url\":\"https:\/\/cammecanique.com\/wp-content\/uploads\/2024\/06\/CAM-Mecanique-Logo-Yoast.png\",\"contentUrl\":\"https:\/\/cammecanique.com\/wp-content\/uploads\/2024\/06\/CAM-Mecanique-Logo-Yoast.png\",\"width\":696,\"height\":696,\"caption\":\"CAM M\u00e9canique\"},\"image\":{\"@id\":\"https:\/\/cammecanique.com\/#\/schema\/logo\/image\/\"},\"sameAs\":[\"https:\/\/www.facebook.com\/cammecanique\/\",\"https:\/\/www.linkedin.com\/company\/cam-mecanique-inc\/\"]}]}<\/script>\n<!-- \/ Yoast SEO plugin. -->","yoast_head_json":{"title":"Multir\u00e9sidentiel - CAM M\u00e9canique","robots":{"index":"index","follow":"follow","max-snippet":"max-snippet:-1","max-image-preview":"max-image-preview:large","max-video-preview":"max-video-preview:-1"},"canonical":"https:\/\/cammecanique.com\/en\/services\/multiresidentiel\/","og_locale":"en_US","og_type":"article","og_title":"Multir\u00e9sidentiel - CAM M\u00e9canique","og_description":"Multir\u00e9sidentiel CAM M\u00e9canique comprend bien les exigences d\u2019un projet multir\u00e9sidentiel. [...]","og_url":"https:\/\/cammecanique.com\/en\/services\/multiresidentiel\/","og_site_name":"CAM M\u00e9canique","article_publisher":"https:\/\/www.facebook.com\/cammecanique\/","og_image":[{"width":1200,"height":675,"url":"https:\/\/cammecanique.com\/wp-content\/uploads\/2024\/07\/CAM-Mecanique-Yoast-Site.jpg","type":"image\/jpeg"}],"twitter_card":"summary_large_image","twitter_misc":{"Est. reading time":"1 minute"},"schema":{"@context":"https:\/\/schema.org","@graph":[{"@type":"WebPage","@id":"https:\/\/cammecanique.com\/services\/multiresidentiel\/","url":"https:\/\/cammecanique.com\/services\/multiresidentiel\/","name":"Multir\u00e9sidentiel - CAM M\u00e9canique","isPartOf":{"@id":"https:\/\/cammecanique.com\/#website"},"datePublished":"2024-07-18T19:35:21+00:00","breadcrumb":{"@id":"https:\/\/cammecanique.com\/services\/multiresidentiel\/#breadcrumb"},"inLanguage":"en-CA","potentialAction":[{"@type":"ReadAction","target":["https:\/\/cammecanique.com\/services\/multiresidentiel\/"]}]},{"@type":"BreadcrumbList","@id":"https:\/\/cammecanique.com\/services\/multiresidentiel\/#breadcrumb","itemListElement":[{"@type":"ListItem","position":1,"name":"Accueil","item":"https:\/\/cammecanique.com\/"},{"@type":"ListItem","position":2,"name":"Services","item":"https:\/\/cammecanique.com\/services\/"},{"@type":"ListItem","position":3,"name":"Multir\u00e9sidentiel"}]},{"@type":"WebSite","@id":"https:\/\/cammecanique.com\/#website","url":"https:\/\/cammecanique.com\/","name":"CAM M\u00e9canique","description":"B\u00e2timent - Tuyauterie","publisher":{"@id":"https:\/\/cammecanique.com\/#organization"},"alternateName":"CAM M\u00e9canique B\u00e2timent - Tuyauterie","potentialAction":[{"@type":"SearchAction","target":{"@type":"EntryPoint","urlTemplate":"https:\/\/cammecanique.com\/?s={search_term_string}"},"query-input":{"@type":"PropertyValueSpecification","valueRequired":true,"valueName":"search_term_string"}}],"inLanguage":"en-CA"},{"@type":"Organization","@id":"https:\/\/cammecanique.com\/#organization","name":"CAM M\u00e9canique","alternateName":"CAM M\u00e9canique B\u00e2timent - Tuyauterie","url":"https:\/\/cammecanique.com\/","logo":{"@type":"ImageObject","inLanguage":"en-CA","@id":"https:\/\/cammecanique.com\/#\/schema\/logo\/image\/","url":"https:\/\/cammecanique.com\/wp-content\/uploads\/2024\/06\/CAM-Mecanique-Logo-Yoast.png","contentUrl":"https:\/\/cammecanique.com\/wp-content\/uploads\/2024\/06\/CAM-Mecanique-Logo-Yoast.png","width":696,"height":696,"caption":"CAM M\u00e9canique"},"image":{"@id":"https:\/\/cammecanique.com\/#\/schema\/logo\/image\/"},"sameAs":["https:\/\/www.facebook.com\/cammecanique\/","https:\/\/www.linkedin.com\/company\/cam-mecanique-inc\/"]}]}},"_links":{"self":[{"href":"https:\/\/cammecanique.com\/en\/wp-json\/wp\/v2\/pages\/76","targetHints":{"allow":["GET"]}}],"collection":[{"href":"https:\/\/cammecanique.com\/en\/wp-json\/wp\/v2\/pages"}],"about":[{"href":"https:\/\/cammecanique.com\/en\/wp-json\/wp\/v2\/types\/page"}],"author":[{"embeddable":true,"href":"https:\/\/cammecanique.com\/en\/wp-json\/wp\/v2\/users\/1"}],"replies":[{"embeddable":true,"href":"https:\/\/cammecanique.com\/en\/wp-json\/wp\/v2\/comments?post=76"}],"version-history":[{"count":6,"href":"https:\/\/cammecanique.com\/en\/wp-json\/wp\/v2\/pages\/76\/revisions"}],"predecessor-version":[{"id":399,"href":"https:\/\/cammecanique.com\/en\/wp-json\/wp\/v2\/pages\/76\/revisions\/399"}],"up":[{"embeddable":true,"href":"https:\/\/cammecanique.com\/en\/wp-json\/wp\/v2\/pages\/20"}],"wp:attachment":[{"href":"https:\/\/cammecanique.com\/en\/wp-json\/wp\/v2\/media?parent=76"}],"curies":[{"name":"wp","href":"https:\/\/api.w.org\/{rel}","templated":true}]}}