{"id":769,"date":"2024-07-18T15:35:21","date_gmt":"2024-07-18T19:35:21","guid":{"rendered":"https:\/\/cammecanique.com\/?page_id=769"},"modified":"2024-07-18T15:35:21","modified_gmt":"2024-07-18T19:35:21","slug":"emploi","status":"publish","type":"page","link":"https:\/\/cammecanique.com\/en\/emploi\/","title":{"rendered":"emploi"},"content":{"rendered":"<p><img decoding=\"async\" class=\"aligncenter size-full wp-image-771\" src=\"https:\/\/cammecanique.com\/wp-content\/uploads\/2020\/09\/PubCamMecanique.jpg\" alt=\"\" width=\"640\" height=\"336\" data-wp-pid=\"771\" srcset=\"https:\/\/cammecanique.com\/wp-content\/uploads\/2020\/09\/PubCamMecanique-300x158.jpg 300w, https:\/\/cammecanique.com\/wp-content\/uploads\/2020\/09\/PubCamMecanique.jpg 640w\" sizes=\"(max-width: 640px) 100vw, 640px\" \/><\/p>\n<h1>Remplissez le formulaire si vous \u00eates int\u00e9ress\u00e9<\/h1>\n<p>[contact-form-7 id=\u00a0\u00bb773&Prime; title=\u00a0\u00bbEmploi\u00a0\u00bb]<\/p>","protected":false},"excerpt":{"rendered":"<p>Remplissez le formulaire si vous \u00eates int\u00e9ress\u00e9 [contact-form-7 id=\u00a0\u00bb773&Prime; title=\u00a0\u00bbEmploi\u00a0\u00bb]<\/p>","protected":false},"author":1,"featured_media":1180,"parent":0,"menu_order":21,"comment_status":"closed","ping_status":"closed","template":"","meta":{"_acf_changed":false,"footnotes":""},"class_list":["post-769","page","type-page","status-publish","has-post-thumbnail","hentry"],"acf":[],"yoast_head":"<!-- This site is optimized with the Yoast SEO plugin v25.4 - https:\/\/yoast.com\/wordpress\/plugins\/seo\/ -->\n<title>emploi - CAM M\u00e9canique<\/title>\n<meta name=\"robots\" content=\"index, follow, max-snippet:-1, max-image-preview:large, max-video-preview:-1\" \/>\n<link rel=\"canonical\" href=\"https:\/\/cammecanique.com\/en\/emploi\/\" \/>\n<meta property=\"og:locale\" content=\"en_US\" \/>\n<meta property=\"og:type\" content=\"article\" \/>\n<meta property=\"og:title\" content=\"emploi - CAM M\u00e9canique\" \/>\n<meta property=\"og:description\" content=\"Remplissez le formulaire si vous \u00eates int\u00e9ress\u00e9 [contact-form-7 id=\u00a0\u00bb773&Prime; title=\u00a0\u00bbEmploi\u00a0\u00bb]\" \/>\n<meta property=\"og:url\" content=\"https:\/\/cammecanique.com\/en\/emploi\/\" \/>\n<meta property=\"og:site_name\" content=\"CAM M\u00e9canique\" \/>\n<meta property=\"article:publisher\" content=\"https:\/\/www.facebook.com\/cammecanique\/\" \/>\n<meta property=\"og:image\" content=\"https:\/\/cammecanique.com\/wp-content\/uploads\/2022\/02\/pages-secondaires.jpg\" \/>\n\t<meta property=\"og:image:width\" content=\"1350\" \/>\n\t<meta property=\"og:image:height\" content=\"340\" \/>\n\t<meta property=\"og:image:type\" content=\"image\/jpeg\" \/>\n<meta name=\"twitter:card\" content=\"summary_large_image\" \/>\n<script type=\"application\/ld+json\" class=\"yoast-schema-graph\">{\"@context\":\"https:\/\/schema.org\",\"@graph\":[{\"@type\":\"WebPage\",\"@id\":\"https:\/\/cammecanique.com\/emploi\/\",\"url\":\"https:\/\/cammecanique.com\/emploi\/\",\"name\":\"emploi - CAM M\u00e9canique\",\"isPartOf\":{\"@id\":\"https:\/\/cammecanique.com\/#website\"},\"primaryImageOfPage\":{\"@id\":\"https:\/\/cammecanique.com\/emploi\/#primaryimage\"},\"image\":{\"@id\":\"https:\/\/cammecanique.com\/emploi\/#primaryimage\"},\"thumbnailUrl\":\"https:\/\/cammecanique.com\/wp-content\/uploads\/2022\/02\/pages-secondaires.jpg\",\"datePublished\":\"2024-07-18T19:35:21+00:00\",\"breadcrumb\":{\"@id\":\"https:\/\/cammecanique.com\/emploi\/#breadcrumb\"},\"inLanguage\":\"en-CA\",\"potentialAction\":[{\"@type\":\"ReadAction\",\"target\":[\"https:\/\/cammecanique.com\/emploi\/\"]}]},{\"@type\":\"ImageObject\",\"inLanguage\":\"en-CA\",\"@id\":\"https:\/\/cammecanique.com\/emploi\/#primaryimage\",\"url\":\"https:\/\/cammecanique.com\/wp-content\/uploads\/2022\/02\/pages-secondaires.jpg\",\"contentUrl\":\"https:\/\/cammecanique.com\/wp-content\/uploads\/2022\/02\/pages-secondaires.jpg\",\"width\":1350,\"height\":340},{\"@type\":\"BreadcrumbList\",\"@id\":\"https:\/\/cammecanique.com\/emploi\/#breadcrumb\",\"itemListElement\":[{\"@type\":\"ListItem\",\"position\":1,\"name\":\"Accueil\",\"item\":\"https:\/\/cammecanique.com\/\"},{\"@type\":\"ListItem\",\"position\":2,\"name\":\"emploi\"}]},{\"@type\":\"WebSite\",\"@id\":\"https:\/\/cammecanique.com\/#website\",\"url\":\"https:\/\/cammecanique.com\/\",\"name\":\"CAM M\u00e9canique\",\"description\":\"B\u00e2timent - Tuyauterie\",\"publisher\":{\"@id\":\"https:\/\/cammecanique.com\/#organization\"},\"alternateName\":\"CAM M\u00e9canique B\u00e2timent - Tuyauterie\",\"potentialAction\":[{\"@type\":\"SearchAction\",\"target\":{\"@type\":\"EntryPoint\",\"urlTemplate\":\"https:\/\/cammecanique.com\/?s={search_term_string}\"},\"query-input\":{\"@type\":\"PropertyValueSpecification\",\"valueRequired\":true,\"valueName\":\"search_term_string\"}}],\"inLanguage\":\"en-CA\"},{\"@type\":\"Organization\",\"@id\":\"https:\/\/cammecanique.com\/#organization\",\"name\":\"CAM M\u00e9canique\",\"alternateName\":\"CAM M\u00e9canique B\u00e2timent - Tuyauterie\",\"url\":\"https:\/\/cammecanique.com\/\",\"logo\":{\"@type\":\"ImageObject\",\"inLanguage\":\"en-CA\",\"@id\":\"https:\/\/cammecanique.com\/#\/schema\/logo\/image\/\",\"url\":\"https:\/\/cammecanique.com\/wp-content\/uploads\/2024\/06\/CAM-Mecanique-Logo-Yoast.png\",\"contentUrl\":\"https:\/\/cammecanique.com\/wp-content\/uploads\/2024\/06\/CAM-Mecanique-Logo-Yoast.png\",\"width\":696,\"height\":696,\"caption\":\"CAM M\u00e9canique\"},\"image\":{\"@id\":\"https:\/\/cammecanique.com\/#\/schema\/logo\/image\/\"},\"sameAs\":[\"https:\/\/www.facebook.com\/cammecanique\/\",\"https:\/\/www.linkedin.com\/company\/cam-mecanique-inc\/\"]}]}<\/script>\n<!-- \/ Yoast SEO plugin. -->","yoast_head_json":{"title":"emploi - CAM M\u00e9canique","robots":{"index":"index","follow":"follow","max-snippet":"max-snippet:-1","max-image-preview":"max-image-preview:large","max-video-preview":"max-video-preview:-1"},"canonical":"https:\/\/cammecanique.com\/en\/emploi\/","og_locale":"en_US","og_type":"article","og_title":"emploi - CAM M\u00e9canique","og_description":"Remplissez le formulaire si vous \u00eates int\u00e9ress\u00e9 [contact-form-7 id=\u00a0\u00bb773&Prime; title=\u00a0\u00bbEmploi\u00a0\u00bb]","og_url":"https:\/\/cammecanique.com\/en\/emploi\/","og_site_name":"CAM M\u00e9canique","article_publisher":"https:\/\/www.facebook.com\/cammecanique\/","og_image":[{"width":1350,"height":340,"url":"https:\/\/cammecanique.com\/wp-content\/uploads\/2022\/02\/pages-secondaires.jpg","type":"image\/jpeg"}],"twitter_card":"summary_large_image","schema":{"@context":"https:\/\/schema.org","@graph":[{"@type":"WebPage","@id":"https:\/\/cammecanique.com\/emploi\/","url":"https:\/\/cammecanique.com\/emploi\/","name":"emploi - CAM M\u00e9canique","isPartOf":{"@id":"https:\/\/cammecanique.com\/#website"},"primaryImageOfPage":{"@id":"https:\/\/cammecanique.com\/emploi\/#primaryimage"},"image":{"@id":"https:\/\/cammecanique.com\/emploi\/#primaryimage"},"thumbnailUrl":"https:\/\/cammecanique.com\/wp-content\/uploads\/2022\/02\/pages-secondaires.jpg","datePublished":"2024-07-18T19:35:21+00:00","breadcrumb":{"@id":"https:\/\/cammecanique.com\/emploi\/#breadcrumb"},"inLanguage":"en-CA","potentialAction":[{"@type":"ReadAction","target":["https:\/\/cammecanique.com\/emploi\/"]}]},{"@type":"ImageObject","inLanguage":"en-CA","@id":"https:\/\/cammecanique.com\/emploi\/#primaryimage","url":"https:\/\/cammecanique.com\/wp-content\/uploads\/2022\/02\/pages-secondaires.jpg","contentUrl":"https:\/\/cammecanique.com\/wp-content\/uploads\/2022\/02\/pages-secondaires.jpg","width":1350,"height":340},{"@type":"BreadcrumbList","@id":"https:\/\/cammecanique.com\/emploi\/#breadcrumb","itemListElement":[{"@type":"ListItem","position":1,"name":"Accueil","item":"https:\/\/cammecanique.com\/"},{"@type":"ListItem","position":2,"name":"emploi"}]},{"@type":"WebSite","@id":"https:\/\/cammecanique.com\/#website","url":"https:\/\/cammecanique.com\/","name":"CAM M\u00e9canique","description":"B\u00e2timent - Tuyauterie","publisher":{"@id":"https:\/\/cammecanique.com\/#organization"},"alternateName":"CAM M\u00e9canique B\u00e2timent - Tuyauterie","potentialAction":[{"@type":"SearchAction","target":{"@type":"EntryPoint","urlTemplate":"https:\/\/cammecanique.com\/?s={search_term_string}"},"query-input":{"@type":"PropertyValueSpecification","valueRequired":true,"valueName":"search_term_string"}}],"inLanguage":"en-CA"},{"@type":"Organization","@id":"https:\/\/cammecanique.com\/#organization","name":"CAM M\u00e9canique","alternateName":"CAM M\u00e9canique B\u00e2timent - Tuyauterie","url":"https:\/\/cammecanique.com\/","logo":{"@type":"ImageObject","inLanguage":"en-CA","@id":"https:\/\/cammecanique.com\/#\/schema\/logo\/image\/","url":"https:\/\/cammecanique.com\/wp-content\/uploads\/2024\/06\/CAM-Mecanique-Logo-Yoast.png","contentUrl":"https:\/\/cammecanique.com\/wp-content\/uploads\/2024\/06\/CAM-Mecanique-Logo-Yoast.png","width":696,"height":696,"caption":"CAM M\u00e9canique"},"image":{"@id":"https:\/\/cammecanique.com\/#\/schema\/logo\/image\/"},"sameAs":["https:\/\/www.facebook.com\/cammecanique\/","https:\/\/www.linkedin.com\/company\/cam-mecanique-inc\/"]}]}},"_links":{"self":[{"href":"https:\/\/cammecanique.com\/en\/wp-json\/wp\/v2\/pages\/769","targetHints":{"allow":["GET"]}}],"collection":[{"href":"https:\/\/cammecanique.com\/en\/wp-json\/wp\/v2\/pages"}],"about":[{"href":"https:\/\/cammecanique.com\/en\/wp-json\/wp\/v2\/types\/page"}],"author":[{"embeddable":true,"href":"https:\/\/cammecanique.com\/en\/wp-json\/wp\/v2\/users\/1"}],"replies":[{"embeddable":true,"href":"https:\/\/cammecanique.com\/en\/wp-json\/wp\/v2\/comments?post=769"}],"version-history":[{"count":3,"href":"https:\/\/cammecanique.com\/en\/wp-json\/wp\/v2\/pages\/769\/revisions"}],"predecessor-version":[{"id":774,"href":"https:\/\/cammecanique.com\/en\/wp-json\/wp\/v2\/pages\/769\/revisions\/774"}],"wp:featuredmedia":[{"embeddable":true,"href":"https:\/\/cammecanique.com\/en\/wp-json\/wp\/v2\/media\/1180"}],"wp:attachment":[{"href":"https:\/\/cammecanique.com\/en\/wp-json\/wp\/v2\/media?parent=769"}],"curies":[{"name":"wp","href":"https:\/\/api.w.org\/{rel}","templated":true}]}}